{"id":1708,"date":"2024-02-05T13:26:55","date_gmt":"2024-02-05T12:26:55","guid":{"rendered":"https:\/\/magicrevolution.es\/?page_id=1708"},"modified":"2026-03-26T16:14:16","modified_gmt":"2026-03-26T15:14:16","slug":"aviso-legal","status":"publish","type":"page","link":"https:\/\/magicrevolution.es\/en\/aviso-legal\/","title":{"rendered":"AVISO LEGAL"},"content":{"rendered":"<style>.kb-row-layout-id1708_714d4b-db > .kt-row-column-wrap{align-content:start;}:where(.kb-row-layout-id1708_714d4b-db > .kt-row-column-wrap) > .wp-block-kadence-column{justify-content:start;}.kb-row-layout-id1708_714d4b-db > .kt-row-column-wrap{column-gap:var(--global-kb-gap-md, 2rem);row-gap:var(--global-kb-gap-md, 2rem);padding-top:var(--global-kb-spacing-5xl, 10rem);padding-bottom:var(--global-kb-spacing-3xl, 6.5rem);grid-template-columns:minmax(0, 1fr);}.kb-row-layout-id1708_714d4b-db{background-image:url('http:\/\/magicrevolution.es\/wp-content\/uploads\/2024\/02\/person-signing-a-contract-5387261-683x1024.jpg');background-size:cover;background-position:center center;background-attachment:scroll;background-repeat:no-repeat;}.kb-row-layout-id1708_714d4b-db > .kt-row-layout-overlay{opacity:0.30;background-color:var(--global-palette7, #EDF2F7);}@media all and (max-width: 1024px){.kb-row-layout-id1708_714d4b-db > .kt-row-column-wrap{grid-template-columns:minmax(0, 1fr);}}@media all and (max-width: 767px){.kb-row-layout-id1708_714d4b-db > .kt-row-column-wrap{grid-template-columns:minmax(0, 1fr);}}<\/style><div class=\"kb-row-layout-wrap kb-row-layout-id1708_714d4b-db alignnone kt-row-has-bg wp-block-kadence-rowlayout\"><div class=\"kt-row-layout-overlay kt-row-overlay-normal\"><\/div><div class=\"kt-row-column-wrap kt-has-1-columns kt-row-layout-equal kt-tab-layout-inherit kt-mobile-layout-row kt-row-valign-top\">\n<style>.kadence-column1708_a77973-dc > .kt-inside-inner-col,.kadence-column1708_a77973-dc > .kt-inside-inner-col:before{border-top-left-radius:0px;border-top-right-radius:0px;border-bottom-right-radius:0px;border-bottom-left-radius:0px;}.kadence-column1708_a77973-dc > .kt-inside-inner-col{column-gap:var(--global-kb-gap-sm, 1rem);}.kadence-column1708_a77973-dc > .kt-inside-inner-col{flex-direction:column;}.kadence-column1708_a77973-dc > .kt-inside-inner-col > .aligncenter{width:100%;}.kadence-column1708_a77973-dc > .kt-inside-inner-col:before{opacity:0.3;}.kadence-column1708_a77973-dc{position:relative;}@media all and (max-width: 1024px){.kadence-column1708_a77973-dc > .kt-inside-inner-col{flex-direction:column;justify-content:center;}}@media all and (max-width: 767px){.kadence-column1708_a77973-dc > .kt-inside-inner-col{flex-direction:column;justify-content:center;}}<\/style>\n<div class=\"wp-block-kadence-column kadence-column1708_a77973-dc\"><div class=\"kt-inside-inner-col\"><style>.wp-block-kadence-advancedheading.kt-adv-heading1708_6b96a2-56, .wp-block-kadence-advancedheading.kt-adv-heading1708_6b96a2-56[data-kb-block=\"kb-adv-heading1708_6b96a2-56\"]{text-align:center;font-style:normal;}.wp-block-kadence-advancedheading.kt-adv-heading1708_6b96a2-56 mark.kt-highlight, .wp-block-kadence-advancedheading.kt-adv-heading1708_6b96a2-56[data-kb-block=\"kb-adv-heading1708_6b96a2-56\"] mark.kt-highlight{font-style:normal;color:#f76a0c;-webkit-box-decoration-break:clone;box-decoration-break:clone;padding-top:0px;padding-right:0px;padding-bottom:0px;padding-left:0px;}.wp-block-kadence-advancedheading.kt-adv-heading1708_6b96a2-56 img.kb-inline-image, .wp-block-kadence-advancedheading.kt-adv-heading1708_6b96a2-56[data-kb-block=\"kb-adv-heading1708_6b96a2-56\"] img.kb-inline-image{width:150px;vertical-align:baseline;}<\/style>\n<h2 class=\"kt-adv-heading1708_6b96a2-56 wp-block-kadence-advancedheading\" data-kb-block=\"kb-adv-heading1708_6b96a2-56\">Aviso Legal<\/h2>\n<\/div><\/div>\n\n<\/div><\/div>\n\n<style>.wp-block-kadence-advancedheading.kt-adv-heading1708_154214-35, .wp-block-kadence-advancedheading.kt-adv-heading1708_154214-35[data-kb-block=\"kb-adv-heading1708_154214-35\"]{font-style:normal;}.wp-block-kadence-advancedheading.kt-adv-heading1708_154214-35 mark.kt-highlight, .wp-block-kadence-advancedheading.kt-adv-heading1708_154214-35[data-kb-block=\"kb-adv-heading1708_154214-35\"] mark.kt-highlight{font-style:normal;color:#f76a0c;-webkit-box-decoration-break:clone;box-decoration-break:clone;padding-top:0px;padding-right:0px;padding-bottom:0px;padding-left:0px;}.wp-block-kadence-advancedheading.kt-adv-heading1708_154214-35 img.kb-inline-image, .wp-block-kadence-advancedheading.kt-adv-heading1708_154214-35[data-kb-block=\"kb-adv-heading1708_154214-35\"] img.kb-inline-image{width:150px;vertical-align:baseline;}<\/style>\n<h3 class=\"kt-adv-heading1708_154214-35 wp-block-kadence-advancedheading\" data-kb-block=\"kb-adv-heading1708_154214-35\">Datos del propietario:<\/h3>\n\n\n\n<p>Conforme a lo establecido en la Ley de Servicios de la Sociedad de la Informaci\u00f3n (LSSI), se informa a los usuarios de&nbsp;<a href=\"https:\/\/naranjosdelsol.com\/\">www.magicrevolution.es<\/a>&nbsp;(en adelante, LA WEB) que estos son los datos del propietario de este sitio web:<\/p>\n\n\n\n<p><strong>Nombre:<\/strong>&nbsp;Mar\u00eda del Roc\u00edo Toscano Barroso (en adelante, MR)<br><strong>Direcci\u00f3n:<\/strong>&nbsp;Marbella, M\u00e1laga<br><strong>NIF:<\/strong>&nbsp;77851066E<br><strong>Tel\u00e9fono de Contacto:<\/strong>(+34) 610 414 836<br><strong>E-mail de Contacto:<\/strong>&nbsp;<a href=\"mailto:info@magicrevolution.es\" target=\"_blank\" rel=\"noopener\" title=\"\">info@magicrevolution.es<\/a><\/p>\n\n\n\n<p>En este espacio, los usuarios encontrar\u00e1n toda la informaci\u00f3n relativa a los t\u00e9rminos y condiciones legales que definen las relaciones entre ellos y MR como responsable de LA WEB. Como usuario, es importante que conozcas estos t\u00e9rminos antes de continuar tu navegaci\u00f3n.<\/p>\n\n\n\n<p>MR, como responsable de LA WEB, asume el compromiso de procesar la informaci\u00f3n de nuestros usuarios y clientes con plenas garant\u00edas y cumplir con los requisitos nacionales y europeos que regulan la recopilaci\u00f3n y uso de los datos personales de nuestros usuarios.<\/p>\n\n\n\n<p>LA WEB, por tanto, cumple rigurosamente con el RGPD (REGLAMENTO (UE) 2016\/679 de protecci\u00f3n de datos) y la LSSI-CE (Ley 34\/2002, de 11 de julio, de Servicios de la Sociedad de la Informaci\u00f3n y de Comercio Electr\u00f3nico).<\/p>\n\n\n<style>.wp-block-kadence-advancedheading.kt-adv-heading1708_1bc185-31, .wp-block-kadence-advancedheading.kt-adv-heading1708_1bc185-31[data-kb-block=\"kb-adv-heading1708_1bc185-31\"]{font-style:normal;}.wp-block-kadence-advancedheading.kt-adv-heading1708_1bc185-31 mark.kt-highlight, .wp-block-kadence-advancedheading.kt-adv-heading1708_1bc185-31[data-kb-block=\"kb-adv-heading1708_1bc185-31\"] mark.kt-highlight{font-style:normal;color:#f76a0c;-webkit-box-decoration-break:clone;box-decoration-break:clone;padding-top:0px;padding-right:0px;padding-bottom:0px;padding-left:0px;}.wp-block-kadence-advancedheading.kt-adv-heading1708_1bc185-31 img.kb-inline-image, .wp-block-kadence-advancedheading.kt-adv-heading1708_1bc185-31[data-kb-block=\"kb-adv-heading1708_1bc185-31\"] img.kb-inline-image{width:150px;vertical-align:baseline;}<\/style>\n<h3 class=\"kt-adv-heading1708_1bc185-31 wp-block-kadence-advancedheading\" data-kb-block=\"kb-adv-heading1708_1bc185-31\">Condiciones generales de uso<\/h3>\n\n\n\n<p>Las presentes Condiciones Generales regulan el uso (incluyendo el mero acceso) de las p\u00e1ginas integrantes de LA WEB, incluidos los contenidos y servicios puestos a disposici\u00f3n en ellas. Toda persona que acceda a LA WEB acepta someterse a las Condiciones Generales vigentes en cada momento en ella.<\/p>\n\n\n<style>.wp-block-kadence-advancedheading.kt-adv-heading1708_c9b396-f0, .wp-block-kadence-advancedheading.kt-adv-heading1708_c9b396-f0[data-kb-block=\"kb-adv-heading1708_c9b396-f0\"]{font-style:normal;}.wp-block-kadence-advancedheading.kt-adv-heading1708_c9b396-f0 mark.kt-highlight, .wp-block-kadence-advancedheading.kt-adv-heading1708_c9b396-f0[data-kb-block=\"kb-adv-heading1708_c9b396-f0\"] mark.kt-highlight{font-style:normal;color:#f76a0c;-webkit-box-decoration-break:clone;box-decoration-break:clone;padding-top:0px;padding-right:0px;padding-bottom:0px;padding-left:0px;}.wp-block-kadence-advancedheading.kt-adv-heading1708_c9b396-f0 img.kb-inline-image, .wp-block-kadence-advancedheading.kt-adv-heading1708_c9b396-f0[data-kb-block=\"kb-adv-heading1708_c9b396-f0\"] img.kb-inline-image{width:150px;vertical-align:baseline;}<\/style>\n<h3 class=\"kt-adv-heading1708_c9b396-f0 wp-block-kadence-advancedheading\" data-kb-block=\"kb-adv-heading1708_c9b396-f0\">Datos personales que recabamos y como lo hacemos<\/h3>\n\n\n\n<p>Lee la&nbsp;<a href=\"https:\/\/magicrevolution.es\/politica-privacidad\/\" title=\"\">Pol\u00edtica de Privacidad<\/a><\/p>\n\n\n<style>.wp-block-kadence-advancedheading.kt-adv-heading1708_34f7f1-a9, .wp-block-kadence-advancedheading.kt-adv-heading1708_34f7f1-a9[data-kb-block=\"kb-adv-heading1708_34f7f1-a9\"]{font-style:normal;}.wp-block-kadence-advancedheading.kt-adv-heading1708_34f7f1-a9 mark.kt-highlight, .wp-block-kadence-advancedheading.kt-adv-heading1708_34f7f1-a9[data-kb-block=\"kb-adv-heading1708_34f7f1-a9\"] mark.kt-highlight{font-style:normal;color:#f76a0c;-webkit-box-decoration-break:clone;box-decoration-break:clone;padding-top:0px;padding-right:0px;padding-bottom:0px;padding-left:0px;}.wp-block-kadence-advancedheading.kt-adv-heading1708_34f7f1-a9 img.kb-inline-image, .wp-block-kadence-advancedheading.kt-adv-heading1708_34f7f1-a9[data-kb-block=\"kb-adv-heading1708_34f7f1-a9\"] img.kb-inline-image{width:150px;vertical-align:baseline;}<\/style>\n<h3 class=\"kt-adv-heading1708_34f7f1-a9 wp-block-kadence-advancedheading\" data-kb-block=\"kb-adv-heading1708_34f7f1-a9\">Compromisos y obligaciones<\/h3>\n\n\n\n<p>El usuario queda informado, y acepta, que el acceso a LA WEB no supone, en modo alguno, el inicio de una relaci\u00f3n comercial con MR. De esta forma, el usuario se compromete a utilizar LA WEB, sus servicios y contenidos sin contravenir la legislaci\u00f3n vigente, la buena fe y el orden p\u00fablico.<\/p>\n\n\n\n<p>Queda prohibido el uso de LA WEB, con fines il\u00edcitos o lesivos, o que, de cualquier forma, puedan causar perjuicio o impedir el normal funcionamiento de la misma. Respecto de los contenidos, se proh\u00edbe:<\/p>\n\n\n\n<ul class=\"wp-block-list\">\n<li>Su reproducci\u00f3n, distribuci\u00f3n o modificaci\u00f3n, total o parcial, a menos que se cuente con la autorizaci\u00f3n de sus leg\u00edtimos titulares.<\/li>\n\n\n\n<li>Cualquier vulneraci\u00f3n de los derechos del prestador o de los leg\u00edtimos titulares.<\/li>\n\n\n\n<li>Su utilizaci\u00f3n para fines comerciales o publicitarios.<\/li>\n<\/ul>\n\n\n\n<p>En la utilizaci\u00f3n de LA WEB el usuario se compromete a no llevar a cabo ninguna conducta que pudiera da\u00f1ar la imagen, los intereses y los derechos de MR o de terceros o que pudiera da\u00f1ar, inutilizar o sobrecargar LA WEB o que impidiera, de cualquier forma, su normal utilizaci\u00f3n.<\/p>\n\n\n\n<p>No obstante, el usuario debe ser consciente de que las medidas de seguridad de los sistemas inform\u00e1ticos en Internet no son enteramente fiables y que, por tanto MR no puede garantizar la inexistencia de virus u otros elementos que puedan producir alteraciones en los sistemas inform\u00e1ticos del usuario o en sus documentos electr\u00f3nicos y ficheros contenidos en los mismos.<\/p>\n\n\n<style>.wp-block-kadence-advancedheading.kt-adv-heading1708_e423c5-bd, .wp-block-kadence-advancedheading.kt-adv-heading1708_e423c5-bd[data-kb-block=\"kb-adv-heading1708_e423c5-bd\"]{font-style:normal;}.wp-block-kadence-advancedheading.kt-adv-heading1708_e423c5-bd mark.kt-highlight, .wp-block-kadence-advancedheading.kt-adv-heading1708_e423c5-bd[data-kb-block=\"kb-adv-heading1708_e423c5-bd\"] mark.kt-highlight{font-style:normal;color:#f76a0c;-webkit-box-decoration-break:clone;box-decoration-break:clone;padding-top:0px;padding-right:0px;padding-bottom:0px;padding-left:0px;}.wp-block-kadence-advancedheading.kt-adv-heading1708_e423c5-bd img.kb-inline-image, .wp-block-kadence-advancedheading.kt-adv-heading1708_e423c5-bd[data-kb-block=\"kb-adv-heading1708_e423c5-bd\"] img.kb-inline-image{width:150px;vertical-align:baseline;}<\/style>\n<h3 class=\"kt-adv-heading1708_e423c5-bd wp-block-kadence-advancedheading\" data-kb-block=\"kb-adv-heading1708_e423c5-bd\">Medidas de seguridad<\/h3>\n\n\n\n<p>Los datos personales comunicados por el usuario a MR pueden ser almacenados en bases de datos automatizadas o no, cuya titularidad corresponde en exclusiva a MR, asumiendo \u00e9sta todas las medidas de \u00edndole t\u00e9cnica, organizativa y de seguridad que garantizan la confidencialidad, integridad y calidad de la informaci\u00f3n contenida en las mismas de acuerdo con lo establecido en la normativa vigente en protecci\u00f3n de datos.<\/p>\n\n\n\n<p>La comunicaci\u00f3n entre los usuarios y MR utiliza un canal seguro, y los datos transmitidos son cifrados gracias a protocolos a HTTPS. Por tanto, garantizamos las mejores condiciones de seguridad para que la confidencialidad de los usuarios est\u00e9 garantizada.<\/p>\n\n\n<style>.wp-block-kadence-advancedheading.kt-adv-heading1708_965a15-eb, .wp-block-kadence-advancedheading.kt-adv-heading1708_965a15-eb[data-kb-block=\"kb-adv-heading1708_965a15-eb\"]{font-style:normal;}.wp-block-kadence-advancedheading.kt-adv-heading1708_965a15-eb mark.kt-highlight, .wp-block-kadence-advancedheading.kt-adv-heading1708_965a15-eb[data-kb-block=\"kb-adv-heading1708_965a15-eb\"] mark.kt-highlight{font-style:normal;color:#f76a0c;-webkit-box-decoration-break:clone;box-decoration-break:clone;padding-top:0px;padding-right:0px;padding-bottom:0px;padding-left:0px;}.wp-block-kadence-advancedheading.kt-adv-heading1708_965a15-eb img.kb-inline-image, .wp-block-kadence-advancedheading.kt-adv-heading1708_965a15-eb[data-kb-block=\"kb-adv-heading1708_965a15-eb\"] img.kb-inline-image{width:150px;vertical-align:baseline;}<\/style>\n<h3 class=\"kt-adv-heading1708_965a15-eb wp-block-kadence-advancedheading\" data-kb-block=\"kb-adv-heading1708_965a15-eb\">Reclamaciones<\/h3>\n\n\n\n<p>El usuario podr\u00e1 realizar reclamaciones remitiendo un correo electr\u00f3nico a&nbsp;<a href=\"mailto:info@naranjosdelsol.com\">info@magicrevolution.es<\/a>&nbsp;indicando su nombre y apellidos, el servicio adquirido y exponiendo los motivos de su reclamaci\u00f3n.<\/p>\n\n\n<style>.wp-block-kadence-advancedheading.kt-adv-heading1708_5f9421-d3, .wp-block-kadence-advancedheading.kt-adv-heading1708_5f9421-d3[data-kb-block=\"kb-adv-heading1708_5f9421-d3\"]{font-style:normal;}.wp-block-kadence-advancedheading.kt-adv-heading1708_5f9421-d3 mark.kt-highlight, .wp-block-kadence-advancedheading.kt-adv-heading1708_5f9421-d3[data-kb-block=\"kb-adv-heading1708_5f9421-d3\"] mark.kt-highlight{font-style:normal;color:#f76a0c;-webkit-box-decoration-break:clone;box-decoration-break:clone;padding-top:0px;padding-right:0px;padding-bottom:0px;padding-left:0px;}.wp-block-kadence-advancedheading.kt-adv-heading1708_5f9421-d3 img.kb-inline-image, .wp-block-kadence-advancedheading.kt-adv-heading1708_5f9421-d3[data-kb-block=\"kb-adv-heading1708_5f9421-d3\"] img.kb-inline-image{width:150px;vertical-align:baseline;}<\/style>\n<h3 class=\"kt-adv-heading1708_5f9421-d3 wp-block-kadence-advancedheading\" data-kb-block=\"kb-adv-heading1708_5f9421-d3\">Plataforma de resoluci\u00f3n de conflictos<\/h3>\n\n\n\n<p>Por si puede ser de tu inter\u00e9s, para someter tus reclamaciones puedes utilizar tambi\u00e9n la plataforma de resoluci\u00f3n de litigios que facilita la Comisi\u00f3n Europea y que se encuentra disponible&nbsp;<a href=\"http:\/\/ec.europa.eu\/consumers\/odr\/\" target=\"_blank\" rel=\"noreferrer noopener\">aqu\u00ed<\/a>.<\/p>\n\n\n<style>.wp-block-kadence-advancedheading.kt-adv-heading1708_d6759e-4d, .wp-block-kadence-advancedheading.kt-adv-heading1708_d6759e-4d[data-kb-block=\"kb-adv-heading1708_d6759e-4d\"]{font-style:normal;}.wp-block-kadence-advancedheading.kt-adv-heading1708_d6759e-4d mark.kt-highlight, .wp-block-kadence-advancedheading.kt-adv-heading1708_d6759e-4d[data-kb-block=\"kb-adv-heading1708_d6759e-4d\"] mark.kt-highlight{font-style:normal;color:#f76a0c;-webkit-box-decoration-break:clone;box-decoration-break:clone;padding-top:0px;padding-right:0px;padding-bottom:0px;padding-left:0px;}.wp-block-kadence-advancedheading.kt-adv-heading1708_d6759e-4d img.kb-inline-image, .wp-block-kadence-advancedheading.kt-adv-heading1708_d6759e-4d[data-kb-block=\"kb-adv-heading1708_d6759e-4d\"] img.kb-inline-image{width:150px;vertical-align:baseline;}<\/style>\n<h3 class=\"kt-adv-heading1708_d6759e-4d wp-block-kadence-advancedheading\" data-kb-block=\"kb-adv-heading1708_d6759e-4d\">Derechos de propiedad intelectual e industrial<\/h3>\n\n\n\n<p>En virtud de lo dispuesto en la Ley de Propiedad Intelectual, quedan expresamente prohibidas la reproducci\u00f3n, la distribuci\u00f3n y la comunicaci\u00f3n p\u00fablica, incluida su modalidad de puesta a disposici\u00f3n, de la totalidad o parte de los contenidos de LA WEB, con fines comerciales, en cualquier soporte y por cualquier medio t\u00e9cnico, sin la autorizaci\u00f3n de MR. <\/p>\n\n\n\n<p>El usuario conoce y acepta que la totalidad de LA WEB, conteniendo sin car\u00e1cter exhaustivo el texto, software, contenidos (incluyendo estructura, selecci\u00f3n, ordenaci\u00f3n y presentaci\u00f3n de los mismos) podcast, fotograf\u00edas, material audiovisual y gr\u00e1ficos, est\u00e1 protegida por marcas, derechos de autor y otros derechos leg\u00edtimos, de acuerdo con los tratados internacionales en los que Espa\u00f1a es parte y otros derechos de propiedad y leyes de Espa\u00f1a.<\/p>\n\n\n\n<p>En el caso de que un usuario o un tercero consideren que se ha producido una violaci\u00f3n de sus leg\u00edtimos derechos de propiedad intelectual por la introducci\u00f3n de un determinado contenido en LA WEB, deber\u00e1 notificar dicha circunstancia a MR indicando:<\/p>\n\n\n\n<ul class=\"wp-block-list\">\n<li>Datos personales del interesado titular de los derechos presuntamente infringidos, o indicar la representaci\u00f3n con la que act\u00faa en caso de que la reclamaci\u00f3n la presente un tercero distinto del interesado.<\/li>\n\n\n\n<li>Se\u00f1alar los contenidos protegidos por los derechos de propiedad intelectual y su ubicaci\u00f3n en LA WEB, la acreditaci\u00f3n de los derechos de propiedad intelectual se\u00f1alados y declaraci\u00f3n expresa en la que el interesado se responsabiliza de la veracidad de las informaciones facilitadas en la notificaci\u00f3n.<\/li>\n<\/ul>\n\n\n<style>.wp-block-kadence-advancedheading.kt-adv-heading1708_9a9dfd-99, .wp-block-kadence-advancedheading.kt-adv-heading1708_9a9dfd-99[data-kb-block=\"kb-adv-heading1708_9a9dfd-99\"]{font-style:normal;}.wp-block-kadence-advancedheading.kt-adv-heading1708_9a9dfd-99 mark.kt-highlight, .wp-block-kadence-advancedheading.kt-adv-heading1708_9a9dfd-99[data-kb-block=\"kb-adv-heading1708_9a9dfd-99\"] mark.kt-highlight{font-style:normal;color:#f76a0c;-webkit-box-decoration-break:clone;box-decoration-break:clone;padding-top:0px;padding-right:0px;padding-bottom:0px;padding-left:0px;}.wp-block-kadence-advancedheading.kt-adv-heading1708_9a9dfd-99 img.kb-inline-image, .wp-block-kadence-advancedheading.kt-adv-heading1708_9a9dfd-99[data-kb-block=\"kb-adv-heading1708_9a9dfd-99\"] img.kb-inline-image{width:150px;vertical-align:baseline;}<\/style>\n<h3 class=\"kt-adv-heading1708_9a9dfd-99 wp-block-kadence-advancedheading\" data-kb-block=\"kb-adv-heading1708_9a9dfd-99\">Enlaces externos<\/h3>\n\n\n\n<p>LA WEB, proporciona enlaces a otros sitios web y contenidos que son propiedad de terceros tales como:<\/p>\n\n\n\n<ul class=\"wp-block-list\">\n<li>Contenidos de otros blogs.<\/li>\n\n\n\n<li>Videos de entrevistas, redes sociales, etc.<\/li>\n\n\n\n<li>Recursos.<\/li>\n<\/ul>\n\n\n\n<p>El \u00fanico objeto de los enlaces es proporcionar al usuario la posibilidad de acceder a dichos enlaces.<\/p>\n\n\n\n<p>MR no se responsabiliza en ning\u00fan caso de los resultados que puedan derivarse al usuario por acceso a dichos enlaces.<\/p>\n\n\n\n<p>El usuario que se proponga establecer cualquier dispositivo t\u00e9cnico de enlace desde su sitio web a LA WEB deber\u00e1 obtener la autorizaci\u00f3n previa y escrita de LA WEB. El establecimiento del enlace no implica en ning\u00fan caso la existencia de relaciones entre MR y el propietario del sitio en el que se establezca el enlace, ni la aceptaci\u00f3n o aprobaci\u00f3n por parte de MR de sus contenidos o servicios.<\/p>\n\n\n<style>.wp-block-kadence-advancedheading.kt-adv-heading1708_a9652b-97, .wp-block-kadence-advancedheading.kt-adv-heading1708_a9652b-97[data-kb-block=\"kb-adv-heading1708_a9652b-97\"]{font-style:normal;}.wp-block-kadence-advancedheading.kt-adv-heading1708_a9652b-97 mark.kt-highlight, .wp-block-kadence-advancedheading.kt-adv-heading1708_a9652b-97[data-kb-block=\"kb-adv-heading1708_a9652b-97\"] mark.kt-highlight{font-style:normal;color:#f76a0c;-webkit-box-decoration-break:clone;box-decoration-break:clone;padding-top:0px;padding-right:0px;padding-bottom:0px;padding-left:0px;}.wp-block-kadence-advancedheading.kt-adv-heading1708_a9652b-97 img.kb-inline-image, .wp-block-kadence-advancedheading.kt-adv-heading1708_a9652b-97[data-kb-block=\"kb-adv-heading1708_a9652b-97\"] img.kb-inline-image{width:150px;vertical-align:baseline;}<\/style>\n<h3 class=\"kt-adv-heading1708_a9652b-97 wp-block-kadence-advancedheading\" data-kb-block=\"kb-adv-heading1708_a9652b-97\">Exclusi\u00f3n de garant\u00edas y responsabilidades<\/h3>\n\n\n\n<p>MR no otorga ninguna garant\u00eda ni se hace responsable, en ning\u00fan caso, de los da\u00f1os y perjuicios de cualquier naturaleza que pudieran traer causa de:<\/p>\n\n\n\n<ul class=\"wp-block-list\">\n<li>La falta de disponibilidad, mantenimiento y efectivo funcionamiento de LA WEB, o de sus servicios y contenidos.<\/li>\n\n\n\n<li>La existencia de virus, programas maliciosos o lesivos en los contenidos.<\/li>\n\n\n\n<li>El uso il\u00edcito, negligente, fraudulento o contrario a este Aviso Legal.<\/li>\n\n\n\n<li>La falta de licitud, calidad, fiabilidad, utilidad y disponibilidad de los servicios prestados por terceros y puestos a disposici\u00f3n de los usuarios en LA WEB.<\/li>\n\n\n\n<li>Los da\u00f1os que pudieran dimanar del uso ilegal o indebido de LA WEB.<\/li>\n<\/ul>\n\n\n<style>.wp-block-kadence-advancedheading.kt-adv-heading1708_29b3f9-39, .wp-block-kadence-advancedheading.kt-adv-heading1708_29b3f9-39[data-kb-block=\"kb-adv-heading1708_29b3f9-39\"]{font-style:normal;}.wp-block-kadence-advancedheading.kt-adv-heading1708_29b3f9-39 mark.kt-highlight, .wp-block-kadence-advancedheading.kt-adv-heading1708_29b3f9-39[data-kb-block=\"kb-adv-heading1708_29b3f9-39\"] mark.kt-highlight{font-style:normal;color:#f76a0c;-webkit-box-decoration-break:clone;box-decoration-break:clone;padding-top:0px;padding-right:0px;padding-bottom:0px;padding-left:0px;}.wp-block-kadence-advancedheading.kt-adv-heading1708_29b3f9-39 img.kb-inline-image, .wp-block-kadence-advancedheading.kt-adv-heading1708_29b3f9-39[data-kb-block=\"kb-adv-heading1708_29b3f9-39\"] img.kb-inline-image{width:150px;vertical-align:baseline;}<\/style>\n<h3 class=\"kt-adv-heading1708_29b3f9-39 wp-block-kadence-advancedheading\" data-kb-block=\"kb-adv-heading1708_29b3f9-39\">Ley aplicable y jurisdicci\u00f3n<\/h3>\n\n\n\n<p>Con car\u00e1cter general las relaciones entre MR con los usuarios de sus servicios telem\u00e1ticos, presentes en LA WEB se encuentran sometidas a la legislaci\u00f3n y jurisdicci\u00f3n espa\u00f1olas y a los tribunales de Marbella.<\/p>\n\n\n<style>.wp-block-kadence-advancedheading.kt-adv-heading1708_836028-e0, .wp-block-kadence-advancedheading.kt-adv-heading1708_836028-e0[data-kb-block=\"kb-adv-heading1708_836028-e0\"]{font-style:normal;}.wp-block-kadence-advancedheading.kt-adv-heading1708_836028-e0 mark.kt-highlight, .wp-block-kadence-advancedheading.kt-adv-heading1708_836028-e0[data-kb-block=\"kb-adv-heading1708_836028-e0\"] mark.kt-highlight{font-style:normal;color:#f76a0c;-webkit-box-decoration-break:clone;box-decoration-break:clone;padding-top:0px;padding-right:0px;padding-bottom:0px;padding-left:0px;}.wp-block-kadence-advancedheading.kt-adv-heading1708_836028-e0 img.kb-inline-image, .wp-block-kadence-advancedheading.kt-adv-heading1708_836028-e0[data-kb-block=\"kb-adv-heading1708_836028-e0\"] img.kb-inline-image{width:150px;vertical-align:baseline;}<\/style>\n<h3 class=\"kt-adv-heading1708_836028-e0 wp-block-kadence-advancedheading\" data-kb-block=\"kb-adv-heading1708_836028-e0\">Contacto<\/h3>\n\n\n\n<p>En caso de que cualquier usuario tuviese alguna duda acerca de estas Condiciones Legales o cualquier comentario sobre LA WEB, por favor dir\u00edjase a&nbsp;<a href=\"mailto:info@magicrevolution.es\" title=\"\">info@magicrevolution.es<\/a><\/p>\n\n\n\n<p><\/p>\n","protected":false},"excerpt":{"rendered":"<p>Aviso Legal Datos del propietario: Conforme a lo establecido en la Ley de Servicios de la Sociedad de la Informaci\u00f3n (LSSI), se informa a los usuarios de&nbsp;www.magicrevolution.es&nbsp;(en adelante, LA WEB)&#8230;<\/p>","protected":false},"author":1,"featured_media":0,"parent":0,"menu_order":0,"comment_status":"closed","ping_status":"closed","template":"","meta":{"om_disable_all_campaigns":false,"_monsterinsights_skip_tracking":false,"_monsterinsights_sitenote_active":false,"_monsterinsights_sitenote_note":"","_monsterinsights_sitenote_category":0,"_EventAllDay":false,"_EventTimezone":"","_EventStartDate":"","_EventEndDate":"","_EventStartDateUTC":"","_EventEndDateUTC":"","_EventShowMap":false,"_EventShowMapLink":false,"_EventURL":"","_EventCost":"","_EventCostDescription":"","_EventCurrencySymbol":"","_EventCurrencyCode":"","_EventCurrencyPosition":"","_EventDateTimeSeparator":"","_EventTimeRangeSeparator":"","_EventOrganizerID":[],"_EventVenueID":[],"_OrganizerEmail":"","_OrganizerPhone":"","_OrganizerWebsite":"","_VenueAddress":"","_VenueCity":"","_VenueCountry":"","_VenueProvince":"","_VenueState":"","_VenueZip":"","_VenuePhone":"","_VenueURL":"","_VenueStateProvince":"","_VenueLat":"","_VenueLng":"","_VenueShowMap":false,"_VenueShowMapLink":false,"_kadence_starter_templates_imported_post":false,"_kad_post_transparent":"","_kad_post_title":"","_kad_post_layout":"","_kad_post_sidebar_id":"","_kad_post_content_style":"","_kad_post_vertical_padding":"","_kad_post_feature":"","_kad_post_feature_position":"","_kad_post_header":false,"_kad_post_footer":false,"_kad_post_classname":"","footnotes":""},"class_list":["post-1708","page","type-page","status-publish","hentry"],"aioseo_notices":[],"_links":{"self":[{"href":"https:\/\/magicrevolution.es\/en\/wp-json\/wp\/v2\/pages\/1708","targetHints":{"allow":["GET"]}}],"collection":[{"href":"https:\/\/magicrevolution.es\/en\/wp-json\/wp\/v2\/pages"}],"about":[{"href":"https:\/\/magicrevolution.es\/en\/wp-json\/wp\/v2\/types\/page"}],"author":[{"embeddable":true,"href":"https:\/\/magicrevolution.es\/en\/wp-json\/wp\/v2\/users\/1"}],"replies":[{"embeddable":true,"href":"https:\/\/magicrevolution.es\/en\/wp-json\/wp\/v2\/comments?post=1708"}],"version-history":[{"count":5,"href":"https:\/\/magicrevolution.es\/en\/wp-json\/wp\/v2\/pages\/1708\/revisions"}],"predecessor-version":[{"id":3152,"href":"https:\/\/magicrevolution.es\/en\/wp-json\/wp\/v2\/pages\/1708\/revisions\/3152"}],"wp:attachment":[{"href":"https:\/\/magicrevolution.es\/en\/wp-json\/wp\/v2\/media?parent=1708"}],"curies":[{"name":"wp","href":"https:\/\/api.w.org\/{rel}","templated":true}]}}