{"id":1720,"date":"2024-02-05T13:33:45","date_gmt":"2024-02-05T12:33:45","guid":{"rendered":"https:\/\/magicrevolution.es\/?page_id=1720"},"modified":"2026-03-26T16:15:22","modified_gmt":"2026-03-26T15:15:22","slug":"politica-cookies","status":"publish","type":"page","link":"https:\/\/magicrevolution.es\/en\/politica-cookies\/","title":{"rendered":"POL\u00cdTICA DE COOKIES"},"content":{"rendered":"<style>.kb-row-layout-id1720_25a807-80 > .kt-row-column-wrap{align-content:start;}:where(.kb-row-layout-id1720_25a807-80 > .kt-row-column-wrap) > .wp-block-kadence-column{justify-content:start;}.kb-row-layout-id1720_25a807-80 > .kt-row-column-wrap{column-gap:var(--global-kb-gap-md, 2rem);row-gap:var(--global-kb-gap-md, 2rem);padding-bottom:var(--global-kb-spacing-sm, 1.5rem);grid-template-columns:minmax(0, 1fr);}.kb-row-layout-id1720_25a807-80 > .kt-row-layout-overlay{opacity:0.30;}@media all and (max-width: 1024px){.kb-row-layout-id1720_25a807-80 > .kt-row-column-wrap{grid-template-columns:minmax(0, 1fr);}}@media all and (max-width: 767px){.kb-row-layout-id1720_25a807-80 > .kt-row-column-wrap{grid-template-columns:minmax(0, 1fr);}}<\/style><div class=\"kb-row-layout-wrap kb-row-layout-id1720_25a807-80 alignnone wp-block-kadence-rowlayout\"><div class=\"kt-row-column-wrap kt-has-1-columns kt-row-layout-equal kt-tab-layout-inherit kt-mobile-layout-row kt-row-valign-top\">\n<style>.kadence-column1720_0aead5-c1 > .kt-inside-inner-col,.kadence-column1720_0aead5-c1 > .kt-inside-inner-col:before{border-top-left-radius:0px;border-top-right-radius:0px;border-bottom-right-radius:0px;border-bottom-left-radius:0px;}.kadence-column1720_0aead5-c1 > .kt-inside-inner-col{column-gap:var(--global-kb-gap-sm, 1rem);}.kadence-column1720_0aead5-c1 > .kt-inside-inner-col{flex-direction:column;}.kadence-column1720_0aead5-c1 > .kt-inside-inner-col > .aligncenter{width:100%;}.kadence-column1720_0aead5-c1 > .kt-inside-inner-col:before{opacity:0.3;}.kadence-column1720_0aead5-c1{position:relative;}@media all and (max-width: 1024px){.kadence-column1720_0aead5-c1 > .kt-inside-inner-col{flex-direction:column;justify-content:center;}}@media all and (max-width: 767px){.kadence-column1720_0aead5-c1 > .kt-inside-inner-col{flex-direction:column;justify-content:center;}}<\/style>\n<div class=\"wp-block-kadence-column kadence-column1720_0aead5-c1\"><div class=\"kt-inside-inner-col\"><style>.kb-row-layout-id1720_ae44c9-b6 > .kt-row-column-wrap{align-content:start;}:where(.kb-row-layout-id1720_ae44c9-b6 > .kt-row-column-wrap) > .wp-block-kadence-column{justify-content:start;}.kb-row-layout-id1720_ae44c9-b6 > .kt-row-column-wrap{column-gap:var(--global-kb-gap-md, 2rem);row-gap:var(--global-kb-gap-md, 2rem);padding-top:var(--global-kb-spacing-5xl, 10rem);padding-bottom:var(--global-kb-spacing-3xl, 6.5rem);grid-template-columns:minmax(0, 1fr);}.kb-row-layout-id1720_ae44c9-b6{background-image:url('http:\/\/magicrevolution.es\/wp-content\/uploads\/2024\/02\/person-signing-a-contract-5387261-683x1024.jpg');background-size:cover;background-position:center center;background-attachment:scroll;background-repeat:no-repeat;}.kb-row-layout-id1720_ae44c9-b6 > .kt-row-layout-overlay{opacity:0.30;background-color:var(--global-palette7, #EDF2F7);}@media all and (max-width: 1024px){.kb-row-layout-id1720_ae44c9-b6 > .kt-row-column-wrap{grid-template-columns:minmax(0, 1fr);}}@media all and (max-width: 767px){.kb-row-layout-id1720_ae44c9-b6 > .kt-row-column-wrap{grid-template-columns:minmax(0, 1fr);}}<\/style><div class=\"kb-row-layout-wrap kb-row-layout-id1720_ae44c9-b6 alignnone kt-row-has-bg wp-block-kadence-rowlayout\"><div class=\"kt-row-layout-overlay kt-row-overlay-normal\"><\/div><div class=\"kt-row-column-wrap kt-has-1-columns kt-row-layout-equal kt-tab-layout-inherit kt-mobile-layout-row kt-row-valign-top\">\n<style>.kadence-column1720_80adbc-86 > .kt-inside-inner-col,.kadence-column1720_80adbc-86 > .kt-inside-inner-col:before{border-top-left-radius:0px;border-top-right-radius:0px;border-bottom-right-radius:0px;border-bottom-left-radius:0px;}.kadence-column1720_80adbc-86 > .kt-inside-inner-col{column-gap:var(--global-kb-gap-sm, 1rem);}.kadence-column1720_80adbc-86 > .kt-inside-inner-col{flex-direction:column;}.kadence-column1720_80adbc-86 > .kt-inside-inner-col > .aligncenter{width:100%;}.kadence-column1720_80adbc-86 > .kt-inside-inner-col:before{opacity:0.3;}.kadence-column1720_80adbc-86{position:relative;}@media all and (max-width: 1024px){.kadence-column1720_80adbc-86 > .kt-inside-inner-col{flex-direction:column;justify-content:center;}}@media all and (max-width: 767px){.kadence-column1720_80adbc-86 > .kt-inside-inner-col{flex-direction:column;justify-content:center;}}<\/style>\n<div class=\"wp-block-kadence-column kadence-column1720_80adbc-86\"><div class=\"kt-inside-inner-col\"><style>.wp-block-kadence-advancedheading.kt-adv-heading1720_3f2617-3a, .wp-block-kadence-advancedheading.kt-adv-heading1720_3f2617-3a[data-kb-block=\"kb-adv-heading1720_3f2617-3a\"]{text-align:center;font-style:normal;}.wp-block-kadence-advancedheading.kt-adv-heading1720_3f2617-3a mark.kt-highlight, .wp-block-kadence-advancedheading.kt-adv-heading1720_3f2617-3a[data-kb-block=\"kb-adv-heading1720_3f2617-3a\"] mark.kt-highlight{font-style:normal;color:#f76a0c;-webkit-box-decoration-break:clone;box-decoration-break:clone;padding-top:0px;padding-right:0px;padding-bottom:0px;padding-left:0px;}.wp-block-kadence-advancedheading.kt-adv-heading1720_3f2617-3a img.kb-inline-image, .wp-block-kadence-advancedheading.kt-adv-heading1720_3f2617-3a[data-kb-block=\"kb-adv-heading1720_3f2617-3a\"] img.kb-inline-image{width:150px;vertical-align:baseline;}<\/style>\n<h2 class=\"kt-adv-heading1720_3f2617-3a wp-block-kadence-advancedheading\" data-kb-block=\"kb-adv-heading1720_3f2617-3a\">Pol\u00edtica de cookies<\/h2>\n<\/div><\/div>\n\n<\/div><\/div><\/div><\/div>\n\n<\/div><\/div>\n\n\n<p>Una cookie es un peque\u00f1o fichero de texto que se almacena en tu navegador cuando visitas casi cualquier p\u00e1gina web. Su utilidad es que la web sea capaz de recordar tu visita cuando vuelvas a navegar por esa p\u00e1gina. Las cookies suelen almacenar informaci\u00f3n de car\u00e1cter t\u00e9cnico, preferencias personales, personalizaci\u00f3n de contenidos, estad\u00edsticas de uso, enlaces a Redes Sociales, acceso a cuentas de usuario, etc. El objetivo de la cookie es adaptar el contenido de la web a tu perfil y necesidades. Sin cookies los servicios ofrecidos por cualquier p\u00e1gina se ver\u00edan mermados notablemente.<\/p>\n\n\n\n<p>Como propietario de esta web, te comunico que no se utiliza ninguna informaci\u00f3n personal procedente de cookies, tan solo se utilizan estad\u00edsticas generales de visitas.<\/p>\n\n\n<style>.wp-block-kadence-advancedheading.kt-adv-heading1720_2ad4f4-80, .wp-block-kadence-advancedheading.kt-adv-heading1720_2ad4f4-80[data-kb-block=\"kb-adv-heading1720_2ad4f4-80\"]{font-style:normal;}.wp-block-kadence-advancedheading.kt-adv-heading1720_2ad4f4-80 mark.kt-highlight, .wp-block-kadence-advancedheading.kt-adv-heading1720_2ad4f4-80[data-kb-block=\"kb-adv-heading1720_2ad4f4-80\"] mark.kt-highlight{font-style:normal;color:#f76a0c;-webkit-box-decoration-break:clone;box-decoration-break:clone;padding-top:0px;padding-right:0px;padding-bottom:0px;padding-left:0px;}.wp-block-kadence-advancedheading.kt-adv-heading1720_2ad4f4-80 img.kb-inline-image, .wp-block-kadence-advancedheading.kt-adv-heading1720_2ad4f4-80[data-kb-block=\"kb-adv-heading1720_2ad4f4-80\"] img.kb-inline-image{width:150px;vertical-align:baseline;}<\/style>\n<h3 class=\"kt-adv-heading1720_2ad4f4-80 wp-block-kadence-advancedheading\" data-kb-block=\"kb-adv-heading1720_2ad4f4-80\">Cookies utilizadas en este sitio web:<\/h3>\n\n\n\n<p>Siguiendo las directrices de la Agencia Espa\u00f1ola de Protecci\u00f3n de Datos procedemos a detallar el uso de cookies que hace esta web con el fin de informarle con la m\u00e1xima exactitud posible.<\/p>\n\n\n<style>.wp-block-kadence-advancedheading.kt-adv-heading1720_a45a14-23, .wp-block-kadence-advancedheading.kt-adv-heading1720_a45a14-23[data-kb-block=\"kb-adv-heading1720_a45a14-23\"]{font-style:normal;}.wp-block-kadence-advancedheading.kt-adv-heading1720_a45a14-23 mark.kt-highlight, .wp-block-kadence-advancedheading.kt-adv-heading1720_a45a14-23[data-kb-block=\"kb-adv-heading1720_a45a14-23\"] mark.kt-highlight{font-style:normal;color:#f76a0c;-webkit-box-decoration-break:clone;box-decoration-break:clone;padding-top:0px;padding-right:0px;padding-bottom:0px;padding-left:0px;}.wp-block-kadence-advancedheading.kt-adv-heading1720_a45a14-23 img.kb-inline-image, .wp-block-kadence-advancedheading.kt-adv-heading1720_a45a14-23[data-kb-block=\"kb-adv-heading1720_a45a14-23\"] img.kb-inline-image{width:150px;vertical-align:baseline;}<\/style>\n<h5 class=\"kt-adv-heading1720_a45a14-23 wp-block-kadence-advancedheading\" data-kb-block=\"kb-adv-heading1720_a45a14-23\">Este sitio web utiliza las siguientes&nbsp;cookies propias:<\/h5>\n\n\n\n<ul class=\"wp-block-list\">\n<li>De Sesi\u00f3n: Para evitar que tengas que identificarte cada vez que interact\u00faes con el sitio web, a no ser que hayas cerrado el navegador y lo hayas vuelto a abrir.<\/li>\n<\/ul>\n\n\n\n<p>Las cookies utilizadas en esta web no recogen datos de car\u00e1cter personal.<\/p>\n\n\n<style>.wp-block-kadence-advancedheading.kt-adv-heading1720_e113cd-e3, .wp-block-kadence-advancedheading.kt-adv-heading1720_e113cd-e3[data-kb-block=\"kb-adv-heading1720_e113cd-e3\"]{font-style:normal;}.wp-block-kadence-advancedheading.kt-adv-heading1720_e113cd-e3 mark.kt-highlight, .wp-block-kadence-advancedheading.kt-adv-heading1720_e113cd-e3[data-kb-block=\"kb-adv-heading1720_e113cd-e3\"] mark.kt-highlight{font-style:normal;color:#f76a0c;-webkit-box-decoration-break:clone;box-decoration-break:clone;padding-top:0px;padding-right:0px;padding-bottom:0px;padding-left:0px;}.wp-block-kadence-advancedheading.kt-adv-heading1720_e113cd-e3 img.kb-inline-image, .wp-block-kadence-advancedheading.kt-adv-heading1720_e113cd-e3[data-kb-block=\"kb-adv-heading1720_e113cd-e3\"] img.kb-inline-image{width:150px;vertical-align:baseline;}<\/style>\n<h3 class=\"kt-adv-heading1720_e113cd-e3 wp-block-kadence-advancedheading\" data-kb-block=\"kb-adv-heading1720_e113cd-e3\">Desactivaci\u00f3n o eliminaci\u00f3n de cookies<\/h3>\n\n\n\n<p>En cualquier momento podr\u00e1s ejercer tu derecho de desactivaci\u00f3n o eliminaci\u00f3n de cookies de este sitio web. De esta manera evitar\u00e1s que las cookies se almacenen en tu navegador. Estas acciones se realizan de forma diferente en funci\u00f3n del navegador que est\u00e9s utilizando:<\/p>\n\n\n\n<ul class=\"wp-block-list\">\n<li><a href=\"http:\/\/support.mozilla.org\/es\/kb\/habilitar-y-deshabilitar-cookies-que-los-sitios-we\">Mozilla Firefox<\/a><\/li>\n\n\n\n<li><a href=\"http:\/\/support.google.com\/chrome\/bin\/answer.py?hl=es&amp;answer=95647\">Google Chrome<\/a><\/li>\n\n\n\n<li><a href=\"http:\/\/windows.microsoft.com\/es-es\/windows7\/how-to-manage-cookies-in-internet-explorer-9\">Internet Explorer<\/a><\/li>\n\n\n\n<li><a href=\"http:\/\/support.apple.com\/kb\/ph5042\">Safari<\/a><\/li>\n\n\n\n<li><a href=\"http:\/\/help.opera.com\/Windows\/11.50\/es-ES\/cookies.html\">Opera<\/a><\/li>\n<\/ul>\n\n\n<style>.wp-block-kadence-advancedheading.kt-adv-heading1720_f12b28-8d, .wp-block-kadence-advancedheading.kt-adv-heading1720_f12b28-8d[data-kb-block=\"kb-adv-heading1720_f12b28-8d\"]{font-style:normal;}.wp-block-kadence-advancedheading.kt-adv-heading1720_f12b28-8d mark.kt-highlight, .wp-block-kadence-advancedheading.kt-adv-heading1720_f12b28-8d[data-kb-block=\"kb-adv-heading1720_f12b28-8d\"] mark.kt-highlight{font-style:normal;color:#f76a0c;-webkit-box-decoration-break:clone;box-decoration-break:clone;padding-top:0px;padding-right:0px;padding-bottom:0px;padding-left:0px;}.wp-block-kadence-advancedheading.kt-adv-heading1720_f12b28-8d img.kb-inline-image, .wp-block-kadence-advancedheading.kt-adv-heading1720_f12b28-8d[data-kb-block=\"kb-adv-heading1720_f12b28-8d\"] img.kb-inline-image{width:150px;vertical-align:baseline;}<\/style>\n<h3 class=\"kt-adv-heading1720_f12b28-8d wp-block-kadence-advancedheading\" data-kb-block=\"kb-adv-heading1720_f12b28-8d\">Notas adicionales<\/h3>\n\n\n\n<ul class=\"wp-block-list\">\n<li>Ni esta web ni sus representantes legales se hacen responsables ni del contenido ni de la veracidad de las pol\u00edticas de privacidad que puedan tener los terceros mencionados en la&nbsp;<a href=\"https:\/\/magicrevolution.es\/politica-privacidad\/\" title=\"\">Pol\u00edtica de Privacidad<\/a>.<\/li>\n\n\n\n<li>Los navegadores web son las herramientas encargadas de almacenar las cookies y desde este lugar debes efectuar tu derecho a eliminaci\u00f3n o desactivaci\u00f3n de las mismas. Ni esta web ni sus representantes legales pueden garantizar la correcta o incorrecta manipulaci\u00f3n de las cookies por parte de los mencionados navegadores.<\/li>\n\n\n\n<li>En algunos casos es necesario instalar cookies para que el navegador no olvide tu decisi\u00f3n de no aceptaci\u00f3n de las mismas.<\/li>\n\n\n\n<li>En el caso de las cookies de Google Analytics, esta empresa almacena las cookies en servidores ubicados en Estados Unidos y se compromete a no compartirla con terceros, excepto en los casos en los que sea necesario para el funcionamiento del sistema o cuando la ley obligue a tal efecto. Seg\u00fan Google no guarda tu direcci\u00f3n IP. Google Inc. es una compa\u00f1\u00eda adherida al Acuerdo de Puerto Seguro que garantiza que todos los datos transferidos ser\u00e1n tratados con un nivel de protecci\u00f3n acorde a la normativa europea. Puedes consultar informaci\u00f3n detallada a este respecto&nbsp;<a href=\"http:\/\/safeharbor.export.gov\/companyinfo.aspx?id=16626\" target=\"_blank\" rel=\"noreferrer noopener\">en este enlace<\/a>. Si deseas informaci\u00f3n sobre el uso que Google da a las cookies&nbsp;<a href=\"https:\/\/developers.google.com\/analytics\/devguides\/collection\/analyticsjs\/cookie-usage?hl=es&amp;csw=1\" target=\"_blank\" rel=\"noreferrer noopener\">te adjuntamos este otro enlace<\/a>.<\/li>\n\n\n\n<li>Para cualquier duda o consulta acerca de esta pol\u00edtica de cookies no dudes en comunicarte con nosotros a trav\u00e9s de la secci\u00f3n de contacto. <\/li>\n<\/ul>\n","protected":false},"excerpt":{"rendered":"<p>Pol\u00edtica de cookies Una cookie es un peque\u00f1o fichero de texto que se almacena en tu navegador cuando visitas casi cualquier p\u00e1gina web. Su utilidad es que la web sea&#8230;<\/p>","protected":false},"author":1,"featured_media":0,"parent":0,"menu_order":0,"comment_status":"closed","ping_status":"closed","template":"","meta":{"om_disable_all_campaigns":false,"_monsterinsights_skip_tracking":false,"_monsterinsights_sitenote_active":false,"_monsterinsights_sitenote_note":"","_monsterinsights_sitenote_category":0,"_EventAllDay":false,"_EventTimezone":"","_EventStartDate":"","_EventEndDate":"","_EventStartDateUTC":"","_EventEndDateUTC":"","_EventShowMap":false,"_EventShowMapLink":false,"_EventURL":"","_EventCost":"","_EventCostDescription":"","_EventCurrencySymbol":"","_EventCurrencyCode":"","_EventCurrencyPosition":"","_EventDateTimeSeparator":"","_EventTimeRangeSeparator":"","_EventOrganizerID":[],"_EventVenueID":[],"_OrganizerEmail":"","_OrganizerPhone":"","_OrganizerWebsite":"","_VenueAddress":"","_VenueCity":"","_VenueCountry":"","_VenueProvince":"","_VenueState":"","_VenueZip":"","_VenuePhone":"","_VenueURL":"","_VenueStateProvince":"","_VenueLat":"","_VenueLng":"","_VenueShowMap":false,"_VenueShowMapLink":false,"_kadence_starter_templates_imported_post":false,"_kad_post_transparent":"","_kad_post_title":"","_kad_post_layout":"","_kad_post_sidebar_id":"","_kad_post_content_style":"","_kad_post_vertical_padding":"","_kad_post_feature":"","_kad_post_feature_position":"","_kad_post_header":false,"_kad_post_footer":false,"_kad_post_classname":"","footnotes":""},"class_list":["post-1720","page","type-page","status-publish","hentry"],"aioseo_notices":[],"_links":{"self":[{"href":"https:\/\/magicrevolution.es\/en\/wp-json\/wp\/v2\/pages\/1720","targetHints":{"allow":["GET"]}}],"collection":[{"href":"https:\/\/magicrevolution.es\/en\/wp-json\/wp\/v2\/pages"}],"about":[{"href":"https:\/\/magicrevolution.es\/en\/wp-json\/wp\/v2\/types\/page"}],"author":[{"embeddable":true,"href":"https:\/\/magicrevolution.es\/en\/wp-json\/wp\/v2\/users\/1"}],"replies":[{"embeddable":true,"href":"https:\/\/magicrevolution.es\/en\/wp-json\/wp\/v2\/comments?post=1720"}],"version-history":[{"count":3,"href":"https:\/\/magicrevolution.es\/en\/wp-json\/wp\/v2\/pages\/1720\/revisions"}],"predecessor-version":[{"id":3156,"href":"https:\/\/magicrevolution.es\/en\/wp-json\/wp\/v2\/pages\/1720\/revisions\/3156"}],"wp:attachment":[{"href":"https:\/\/magicrevolution.es\/en\/wp-json\/wp\/v2\/media?parent=1720"}],"curies":[{"name":"wp","href":"https:\/\/api.w.org\/{rel}","templated":true}]}}