{"id":3,"date":"2024-01-16T15:28:02","date_gmt":"2024-01-16T14:28:02","guid":{"rendered":"http:\/\/magicrevolution.es\/?page_id=3"},"modified":"2026-03-26T16:15:37","modified_gmt":"2026-03-26T15:15:37","slug":"politica-privacidad","status":"publish","type":"page","link":"https:\/\/magicrevolution.es\/en\/politica-privacidad\/","title":{"rendered":"POL\u00cdTICA DE PRIVACIDAD"},"content":{"rendered":"<style>.kb-row-layout-id3_eadb21-46 > .kt-row-column-wrap{align-content:start;}:where(.kb-row-layout-id3_eadb21-46 > .kt-row-column-wrap) > .wp-block-kadence-column{justify-content:start;}.kb-row-layout-id3_eadb21-46 > .kt-row-column-wrap{column-gap:var(--global-kb-gap-md, 2rem);row-gap:var(--global-kb-gap-md, 2rem);padding-top:var(--global-kb-spacing-5xl, 10rem);padding-bottom:var(--global-kb-spacing-xxl, 5rem);grid-template-columns:minmax(0, 1fr);}.kb-row-layout-id3_eadb21-46{background-image:url('http:\/\/magicrevolution.es\/wp-content\/uploads\/2024\/02\/person-signing-a-contract-5387261-683x1024.jpg');background-size:cover;background-position:center center;background-attachment:scroll;background-repeat:no-repeat;}.kb-row-layout-id3_eadb21-46 > .kt-row-layout-overlay{opacity:0.30;background-color:var(--global-palette7, #EDF2F7);}@media all and (max-width: 1024px){.kb-row-layout-id3_eadb21-46 > .kt-row-column-wrap{grid-template-columns:minmax(0, 1fr);}}@media all and (max-width: 767px){.kb-row-layout-id3_eadb21-46 > .kt-row-column-wrap{grid-template-columns:minmax(0, 1fr);}}<\/style><div class=\"kb-row-layout-wrap kb-row-layout-id3_eadb21-46 alignnone kt-row-has-bg wp-block-kadence-rowlayout\"><div class=\"kt-row-layout-overlay kt-row-overlay-normal\"><\/div><div class=\"kt-row-column-wrap kt-has-1-columns kt-row-layout-equal kt-tab-layout-inherit kt-mobile-layout-row kt-row-valign-top\">\n<style>.kadence-column3_1c63f9-58 > .kt-inside-inner-col,.kadence-column3_1c63f9-58 > .kt-inside-inner-col:before{border-top-left-radius:0px;border-top-right-radius:0px;border-bottom-right-radius:0px;border-bottom-left-radius:0px;}.kadence-column3_1c63f9-58 > .kt-inside-inner-col{column-gap:var(--global-kb-gap-sm, 1rem);}.kadence-column3_1c63f9-58 > .kt-inside-inner-col{flex-direction:column;}.kadence-column3_1c63f9-58 > .kt-inside-inner-col > .aligncenter{width:100%;}.kadence-column3_1c63f9-58 > .kt-inside-inner-col:before{opacity:0.3;}.kadence-column3_1c63f9-58{position:relative;}@media all and (max-width: 1024px){.kadence-column3_1c63f9-58 > .kt-inside-inner-col{flex-direction:column;justify-content:center;}}@media all and (max-width: 767px){.kadence-column3_1c63f9-58 > .kt-inside-inner-col{flex-direction:column;justify-content:center;}}<\/style>\n<div class=\"wp-block-kadence-column kadence-column3_1c63f9-58\"><div class=\"kt-inside-inner-col\"><style>.wp-block-kadence-advancedheading.kt-adv-heading3_6b582e-3f, .wp-block-kadence-advancedheading.kt-adv-heading3_6b582e-3f[data-kb-block=\"kb-adv-heading3_6b582e-3f\"]{text-align:center;font-style:normal;}.wp-block-kadence-advancedheading.kt-adv-heading3_6b582e-3f mark.kt-highlight, .wp-block-kadence-advancedheading.kt-adv-heading3_6b582e-3f[data-kb-block=\"kb-adv-heading3_6b582e-3f\"] mark.kt-highlight{font-style:normal;color:#f76a0c;-webkit-box-decoration-break:clone;box-decoration-break:clone;padding-top:0px;padding-right:0px;padding-bottom:0px;padding-left:0px;}.wp-block-kadence-advancedheading.kt-adv-heading3_6b582e-3f img.kb-inline-image, .wp-block-kadence-advancedheading.kt-adv-heading3_6b582e-3f[data-kb-block=\"kb-adv-heading3_6b582e-3f\"] img.kb-inline-image{width:150px;vertical-align:baseline;}<\/style>\n<h2 class=\"kt-adv-heading3_6b582e-3f wp-block-kadence-advancedheading\" data-kb-block=\"kb-adv-heading3_6b582e-3f\">Pol\u00edtica de privacidad<\/h2>\n<\/div><\/div>\n\n<\/div><\/div>\n\n\n<p><\/p>\n\n\n\n<p><\/p>\n\n\n\n<p><\/p>\n\n\n\n<p>Con este documento, queremos informarte de cu\u00e1les son los motivos por los que recogemos tus datos personales, qu\u00e9 hacemos con ellos, cu\u00e1les son tus derechos y de qu\u00e9 forma puedes ejercerlos.<\/p>\n\n\n<style>.wp-block-kadence-advancedheading.kt-adv-heading3_b121b5-f3, .wp-block-kadence-advancedheading.kt-adv-heading3_b121b5-f3[data-kb-block=\"kb-adv-heading3_b121b5-f3\"]{font-style:normal;}.wp-block-kadence-advancedheading.kt-adv-heading3_b121b5-f3 mark.kt-highlight, .wp-block-kadence-advancedheading.kt-adv-heading3_b121b5-f3[data-kb-block=\"kb-adv-heading3_b121b5-f3\"] mark.kt-highlight{font-style:normal;color:#f76a0c;-webkit-box-decoration-break:clone;box-decoration-break:clone;padding-top:0px;padding-right:0px;padding-bottom:0px;padding-left:0px;}.wp-block-kadence-advancedheading.kt-adv-heading3_b121b5-f3 img.kb-inline-image, .wp-block-kadence-advancedheading.kt-adv-heading3_b121b5-f3[data-kb-block=\"kb-adv-heading3_b121b5-f3\"] img.kb-inline-image{width:150px;vertical-align:baseline;}<\/style>\n<h3 class=\"kt-adv-heading3_b121b5-f3 wp-block-kadence-advancedheading\" data-kb-block=\"kb-adv-heading3_b121b5-f3\"><strong>\u00bfQui\u00e9n es el responsable de tus datos?<\/strong><\/h3>\n\n\n\n<p>En aplicaci\u00f3n de la normativa vigente en materia de protecci\u00f3n de datos de car\u00e1cter personal, se le informa que los datos personales que se recogen a trav\u00e9s de los formularios del Sitio web: <em>www.magicrevolution.es<\/em>, se incluyen en los ficheros automatizados espec\u00edficos de usuarios de los servicios de <em>Mar\u00eda del Rocio Toscano Barroso (77851066E).<\/em><\/p>\n\n\n<style>.wp-block-kadence-advancedheading.kt-adv-heading3_882675-e8, .wp-block-kadence-advancedheading.kt-adv-heading3_882675-e8[data-kb-block=\"kb-adv-heading3_882675-e8\"]{font-style:normal;}.wp-block-kadence-advancedheading.kt-adv-heading3_882675-e8 mark.kt-highlight, .wp-block-kadence-advancedheading.kt-adv-heading3_882675-e8[data-kb-block=\"kb-adv-heading3_882675-e8\"] mark.kt-highlight{font-style:normal;color:#f76a0c;-webkit-box-decoration-break:clone;box-decoration-break:clone;padding-top:0px;padding-right:0px;padding-bottom:0px;padding-left:0px;}.wp-block-kadence-advancedheading.kt-adv-heading3_882675-e8 img.kb-inline-image, .wp-block-kadence-advancedheading.kt-adv-heading3_882675-e8[data-kb-block=\"kb-adv-heading3_882675-e8\"] img.kb-inline-image{width:150px;vertical-align:baseline;}<\/style>\n<h3 class=\"kt-adv-heading3_882675-e8 wp-block-kadence-advancedheading\" data-kb-block=\"kb-adv-heading3_882675-e8\"><strong>\u00bfCon qu\u00e9 finalidad recogemos tus datos personales?<\/strong><\/h3>\n\n\n\n<p>La recogida y tratamiento automatizado de los datos de car\u00e1cter personal tiene como finalidad el mantenimiento de la relaci\u00f3n comercial y el desempe\u00f1o de tareas de informaci\u00f3n, formaci\u00f3n, asesoramiento, env\u00edo de plantillas solicitadas a trav\u00e9s de formulario y otras actividades propias de la contrataci\u00f3n de los servicios de orden que se ofrecen.<\/p>\n\n\n\n<p>Estos datos \u00fanicamente ser\u00e1n cedidos a aquellas entidades que sean necesarias con el \u00fanico objetivo de dar cumplimiento a la finalidad anteriormente expuesta. Para poder ofrecerte nuestros servicios con una mejor calidad y cumplir con nuestras obligaciones fiscales, te hacemos saber que los datos que t\u00fa nos facilites pueden ser cedidos a: <a href=\"https:\/\/www.hostinger.es\/legal\/politica-de-privacidad\" title=\"\">Hostinger S.L.<\/a> (encargado de proporcionar el hosting y el dominio para esta web) y\/o <a href=\"https:\/\/google.com\/\" target=\"_blank\" rel=\"noreferrer noopener\">Google LLC<\/a>, encargado de la recogida de anal\u00edticas de esta web y sujeto al acuerdo&nbsp;<a href=\"https:\/\/www.privacyshield.gov\/participant?id=a2zt000000001L5AAI&amp;status=Active\" target=\"_blank\" rel=\"noreferrer noopener\">EU-US Privacy Shield<\/a>.<\/p>\n\n\n<style>.wp-block-kadence-advancedheading.kt-adv-heading3_fc94f7-28, .wp-block-kadence-advancedheading.kt-adv-heading3_fc94f7-28[data-kb-block=\"kb-adv-heading3_fc94f7-28\"]{font-style:normal;}.wp-block-kadence-advancedheading.kt-adv-heading3_fc94f7-28 mark.kt-highlight, .wp-block-kadence-advancedheading.kt-adv-heading3_fc94f7-28[data-kb-block=\"kb-adv-heading3_fc94f7-28\"] mark.kt-highlight{font-style:normal;color:#f76a0c;-webkit-box-decoration-break:clone;box-decoration-break:clone;padding-top:0px;padding-right:0px;padding-bottom:0px;padding-left:0px;}.wp-block-kadence-advancedheading.kt-adv-heading3_fc94f7-28 img.kb-inline-image, .wp-block-kadence-advancedheading.kt-adv-heading3_fc94f7-28[data-kb-block=\"kb-adv-heading3_fc94f7-28\"] img.kb-inline-image{width:150px;vertical-align:baseline;}<\/style>\n<h3 class=\"kt-adv-heading3_fc94f7-28 wp-block-kadence-advancedheading\" data-kb-block=\"kb-adv-heading3_fc94f7-28\"><strong>\u00bfCu\u00e1l es la legitimaci\u00f3n para el tratamiento de tus datos?<\/strong><\/h3>\n\n\n\n<p>Las bases legales para el tratamiento de tus datos son las siguientes:<\/p>\n\n\n\n<ul class=\"wp-block-list\">\n<li>Ejecuci\u00f3n del contrato de suscripci\u00f3n para hacerte llegar informaci\u00f3n que sea de tu inter\u00e9s a trav\u00e9s de nuestros canales de comunicaci\u00f3n.<\/li>\n\n\n\n<li>Obtenci\u00f3n de tu consentimiento para responder a las cuestiones que nos planteas a trav\u00e9s de nuestros formularios de contacto y de comentarios.<\/li>\n<\/ul>\n\n\n<style>.wp-block-kadence-advancedheading.kt-adv-heading3_300501-a7, .wp-block-kadence-advancedheading.kt-adv-heading3_300501-a7[data-kb-block=\"kb-adv-heading3_300501-a7\"]{font-style:normal;}.wp-block-kadence-advancedheading.kt-adv-heading3_300501-a7 mark.kt-highlight, .wp-block-kadence-advancedheading.kt-adv-heading3_300501-a7[data-kb-block=\"kb-adv-heading3_300501-a7\"] mark.kt-highlight{font-style:normal;color:#f76a0c;-webkit-box-decoration-break:clone;box-decoration-break:clone;padding-top:0px;padding-right:0px;padding-bottom:0px;padding-left:0px;}.wp-block-kadence-advancedheading.kt-adv-heading3_300501-a7 img.kb-inline-image, .wp-block-kadence-advancedheading.kt-adv-heading3_300501-a7[data-kb-block=\"kb-adv-heading3_300501-a7\"] img.kb-inline-image{width:150px;vertical-align:baseline;}<\/style>\n<h3 class=\"kt-adv-heading3_300501-a7 wp-block-kadence-advancedheading\" data-kb-block=\"kb-adv-heading3_300501-a7\"><strong>\u00bfCu\u00e1les son tus derechos cuando nos facilitas tus datos personales?<\/strong><\/h3>\n\n\n\n<p>Se adoptan las medidas necesarias para garantizar la seguridad, integridad y confidencialidad de los datos conforme a lo dispuesto en el Reglamento (UE) relativo a la protecci\u00f3n de las personas f\u00edsicas en lo que respecta al tratamiento de datos personales y a la libre circulaci\u00f3n de los mismos.<\/p>\n\n\n\n<p>El usuario podr\u00e1 en cualquier momento ejercitar los derechos de acceso, oposici\u00f3n, rectificaci\u00f3n y cancelaci\u00f3n reconocidos en el citado Reglamento (UE). El ejercicio de estos derechos puede realizarlo el propio usuario a trav\u00e9s de email a: <em>info@magicrevolution.es<\/em><\/p>\n\n\n\n<p>Los datos personales proporcionados se conservar\u00e1n mientras se mantenga la relaci\u00f3n comercial o no solicites su supresi\u00f3n y durante el plazo por el cu\u00e1l pudieran derivarse responsabilidades legales por los servicios prestados.<br><br><\/p>\n","protected":false},"excerpt":{"rendered":"<p>Pol\u00edtica de privacidad Con este documento, queremos informarte de cu\u00e1les son los motivos por los que recogemos tus datos personales, qu\u00e9 hacemos con ellos, cu\u00e1les son tus derechos y de&#8230;<\/p>","protected":false},"author":1,"featured_media":0,"parent":0,"menu_order":0,"comment_status":"closed","ping_status":"closed","template":"","meta":{"om_disable_all_campaigns":false,"_monsterinsights_skip_tracking":false,"_monsterinsights_sitenote_active":false,"_monsterinsights_sitenote_note":"","_monsterinsights_sitenote_category":0,"_EventAllDay":false,"_EventTimezone":"","_EventStartDate":"","_EventEndDate":"","_EventStartDateUTC":"","_EventEndDateUTC":"","_EventShowMap":false,"_EventShowMapLink":false,"_EventURL":"","_EventCost":"","_EventCostDescription":"","_EventCurrencySymbol":"","_EventCurrencyCode":"","_EventCurrencyPosition":"","_EventDateTimeSeparator":"","_EventTimeRangeSeparator":"","_EventOrganizerID":[],"_EventVenueID":[],"_OrganizerEmail":"","_OrganizerPhone":"","_OrganizerWebsite":"","_VenueAddress":"","_VenueCity":"","_VenueCountry":"","_VenueProvince":"","_VenueState":"","_VenueZip":"","_VenuePhone":"","_VenueURL":"","_VenueStateProvince":"","_VenueLat":"","_VenueLng":"","_VenueShowMap":false,"_VenueShowMapLink":false,"_kadence_starter_templates_imported_post":false,"_kad_post_transparent":"","_kad_post_title":"","_kad_post_layout":"","_kad_post_sidebar_id":"","_kad_post_content_style":"","_kad_post_vertical_padding":"","_kad_post_feature":"","_kad_post_feature_position":"","_kad_post_header":false,"_kad_post_footer":false,"_kad_post_classname":"","footnotes":""},"class_list":["post-3","page","type-page","status-publish","hentry"],"aioseo_notices":[],"_links":{"self":[{"href":"https:\/\/magicrevolution.es\/en\/wp-json\/wp\/v2\/pages\/3","targetHints":{"allow":["GET"]}}],"collection":[{"href":"https:\/\/magicrevolution.es\/en\/wp-json\/wp\/v2\/pages"}],"about":[{"href":"https:\/\/magicrevolution.es\/en\/wp-json\/wp\/v2\/types\/page"}],"author":[{"embeddable":true,"href":"https:\/\/magicrevolution.es\/en\/wp-json\/wp\/v2\/users\/1"}],"replies":[{"embeddable":true,"href":"https:\/\/magicrevolution.es\/en\/wp-json\/wp\/v2\/comments?post=3"}],"version-history":[{"count":6,"href":"https:\/\/magicrevolution.es\/en\/wp-json\/wp\/v2\/pages\/3\/revisions"}],"predecessor-version":[{"id":3157,"href":"https:\/\/magicrevolution.es\/en\/wp-json\/wp\/v2\/pages\/3\/revisions\/3157"}],"wp:attachment":[{"href":"https:\/\/magicrevolution.es\/en\/wp-json\/wp\/v2\/media?parent=3"}],"curies":[{"name":"wp","href":"https:\/\/api.w.org\/{rel}","templated":true}]}}