{"id":960,"date":"2023-02-17T15:52:44","date_gmt":"2023-02-17T15:52:44","guid":{"rendered":"https:\/\/library.startertemplatecloud.com\/g19\/?page_id=960"},"modified":"2026-03-26T16:16:58","modified_gmt":"2026-03-26T15:16:58","slug":"ways-to-stay","status":"publish","type":"page","link":"https:\/\/magicrevolution.es\/en\/ways-to-stay\/","title":{"rendered":"SOBRE MI. Magic Revolution descubre mis inicios"},"content":{"rendered":"<style>.kb-row-layout-id960_bb6f6d-01 > .kt-row-column-wrap{align-content:start;}:where(.kb-row-layout-id960_bb6f6d-01 > .kt-row-column-wrap) > .wp-block-kadence-column{justify-content:start;}.kb-row-layout-id960_bb6f6d-01 > .kt-row-column-wrap{column-gap:var(--global-kb-gap-md, 2rem);row-gap:var(--global-kb-gap-md, 2rem);max-width:700px;margin-left:auto;margin-right:auto;padding-top:var(--global-kb-spacing-3xl, 6.5rem);padding-bottom:var(--global-kb-spacing-xxl, 5rem);grid-template-columns:minmax(0, 1fr);}.kb-row-layout-id960_bb6f6d-01{background-image:url('http:\/\/magicrevolution.es\/wp-content\/uploads\/2024\/08\/MG_9528-scaled.jpg');background-size:cover;background-position:47% 52%;background-attachment:scroll;background-repeat:no-repeat;}.kb-row-layout-id960_bb6f6d-01 > .kt-row-layout-overlay{opacity:0.60;background-color:var(--global-palette7, #EDF2F7);mix-blend-mode:normal;}@media all and (max-width: 1024px){.kb-row-layout-id960_bb6f6d-01 > .kt-row-column-wrap{grid-template-columns:minmax(0, 1fr);}}@media all and (max-width: 767px){.kb-row-layout-id960_bb6f6d-01 > .kt-row-column-wrap{grid-template-columns:minmax(0, 1fr);}}<\/style><div class=\"kb-row-layout-wrap kb-row-layout-id960_bb6f6d-01 alignnone kt-row-has-bg wp-block-kadence-rowlayout\"><div class=\"kt-row-layout-overlay kt-row-overlay-normal\"><\/div><div class=\"kt-row-column-wrap kt-has-1-columns kt-row-layout-equal kt-tab-layout-inherit kt-mobile-layout-row kt-row-valign-top\">\n<style>.kadence-column960_af46b2-71 > .kt-inside-inner-col,.kadence-column960_af46b2-71 > .kt-inside-inner-col:before{border-top-left-radius:0px;border-top-right-radius:0px;border-bottom-right-radius:0px;border-bottom-left-radius:0px;}.kadence-column960_af46b2-71 > .kt-inside-inner-col{column-gap:var(--global-kb-gap-sm, 1rem);}.kadence-column960_af46b2-71 > .kt-inside-inner-col{flex-direction:column;}.kadence-column960_af46b2-71 > .kt-inside-inner-col > .aligncenter{width:100%;}.kadence-column960_af46b2-71 > .kt-inside-inner-col:before{opacity:0.3;}.kadence-column960_af46b2-71{position:relative;}@media all and (max-width: 1024px){.kadence-column960_af46b2-71 > .kt-inside-inner-col{flex-direction:column;justify-content:center;}}@media all and (max-width: 767px){.kadence-column960_af46b2-71 > .kt-inside-inner-col{flex-direction:column;justify-content:center;}}<\/style>\n<div class=\"wp-block-kadence-column kadence-column960_af46b2-71\"><div class=\"kt-inside-inner-col\"><style>.wp-block-kadence-advancedheading.kt-adv-heading960_2634bb-29, .wp-block-kadence-advancedheading.kt-adv-heading960_2634bb-29[data-kb-block=\"kb-adv-heading960_2634bb-29\"]{margin-top:var(--global-kb-spacing-sm, 1.5rem);text-align:center;font-size:var(--global-kb-font-size-md, 1.25rem);font-style:normal;}.wp-block-kadence-advancedheading.kt-adv-heading960_2634bb-29 mark.kt-highlight, .wp-block-kadence-advancedheading.kt-adv-heading960_2634bb-29[data-kb-block=\"kb-adv-heading960_2634bb-29\"] mark.kt-highlight{font-style:normal;color:#f76a0c;-webkit-box-decoration-break:clone;box-decoration-break:clone;padding-top:0px;padding-right:0px;padding-bottom:0px;padding-left:0px;}.wp-block-kadence-advancedheading.kt-adv-heading960_2634bb-29 img.kb-inline-image, .wp-block-kadence-advancedheading.kt-adv-heading960_2634bb-29[data-kb-block=\"kb-adv-heading960_2634bb-29\"] img.kb-inline-image{width:150px;vertical-align:baseline;}<\/style>\n<h2 class=\"kt-adv-heading960_2634bb-29 wp-block-kadence-advancedheading has-theme-palette-9-color has-text-color\" data-kb-block=\"kb-adv-heading960_2634bb-29\">Conoce m\u00e1s sobre mi<\/h2>\n\n\n<style>.wp-block-kadence-advancedheading.kt-adv-heading960_b5e63d-67, .wp-block-kadence-advancedheading.kt-adv-heading960_b5e63d-67[data-kb-block=\"kb-adv-heading960_b5e63d-67\"]{text-align:center;font-size:var(--global-kb-font-size-sm, 0.9rem);font-style:normal;}.wp-block-kadence-advancedheading.kt-adv-heading960_b5e63d-67 mark.kt-highlight, .wp-block-kadence-advancedheading.kt-adv-heading960_b5e63d-67[data-kb-block=\"kb-adv-heading960_b5e63d-67\"] mark.kt-highlight{font-style:normal;color:#f76a0c;-webkit-box-decoration-break:clone;box-decoration-break:clone;padding-top:0px;padding-right:0px;padding-bottom:0px;padding-left:0px;}.wp-block-kadence-advancedheading.kt-adv-heading960_b5e63d-67 img.kb-inline-image, .wp-block-kadence-advancedheading.kt-adv-heading960_b5e63d-67[data-kb-block=\"kb-adv-heading960_b5e63d-67\"] img.kb-inline-image{width:150px;vertical-align:baseline;}<\/style>\n<p class=\"kt-adv-heading960_b5e63d-67 wp-block-kadence-advancedheading has-theme-palette-9-color has-text-color\" data-kb-block=\"kb-adv-heading960_b5e63d-67\">El cambio depende de nosotros mismos. Son las decisiones que tomamos en el d\u00eda a d\u00eda las que ponen en marcha el cambio y nos acerca un poco m\u00e1s a la vida que elegimos.<\/p>\n<\/div><\/div>\n\n<\/div><\/div>\n\n\n<div class=\"wp-block-columns is-layout-flex wp-container-core-columns-is-layout-9d6595d7 wp-block-columns-is-layout-flex\">\n<div class=\"wp-block-column is-layout-flow wp-block-column-is-layout-flow\" style=\"flex-basis:100%\"><style>.kb-row-layout-id960_141c88-fd > .kt-row-column-wrap{align-content:start;}:where(.kb-row-layout-id960_141c88-fd > .kt-row-column-wrap) > .wp-block-kadence-column{justify-content:start;}.kb-row-layout-id960_141c88-fd > .kt-row-column-wrap{column-gap:var(--global-kb-gap-md, 2rem);row-gap:var(--global-kb-gap-md, 2rem);max-width:var( --global-content-width, 1290px );padding-left:var(--global-content-edge-padding);padding-right:var(--global-content-edge-padding);padding-top:var(--global-kb-spacing-xxl, 5rem);grid-template-columns:minmax(0, 1fr);}.kb-row-layout-id960_141c88-fd > .kt-row-layout-overlay{opacity:0.23;mix-blend-mode:overlay;}@media all and (max-width: 1024px){.kb-row-layout-id960_141c88-fd > .kt-row-column-wrap{grid-template-columns:minmax(0, 1fr);}}@media all and (max-width: 767px){.kb-row-layout-id960_141c88-fd > .kt-row-column-wrap{grid-template-columns:minmax(0, 1fr);}}<\/style><div class=\"kb-row-layout-wrap kb-row-layout-id960_141c88-fd alignnone has-theme-palette9-background-color kt-row-has-bg wp-block-kadence-rowlayout\"><div class=\"kt-row-column-wrap kt-has-1-columns kt-row-layout-equal kt-tab-layout-inherit kt-mobile-layout-row kt-row-valign-top kb-theme-content-width\">\n<style>.kadence-column960_a9c000-81 > .kt-inside-inner-col,.kadence-column960_a9c000-81 > .kt-inside-inner-col:before{border-top-left-radius:0px;border-top-right-radius:0px;border-bottom-right-radius:0px;border-bottom-left-radius:0px;}.kadence-column960_a9c000-81 > .kt-inside-inner-col{column-gap:var(--global-kb-gap-sm, 1rem);}.kadence-column960_a9c000-81 > .kt-inside-inner-col{flex-direction:column;}.kadence-column960_a9c000-81 > .kt-inside-inner-col > .aligncenter{width:100%;}.kadence-column960_a9c000-81 > .kt-inside-inner-col:before{opacity:0.3;}.kadence-column960_a9c000-81{position:relative;}@media all and (max-width: 1024px){.kadence-column960_a9c000-81 > .kt-inside-inner-col{flex-direction:column;justify-content:center;}}@media all and (max-width: 767px){.kadence-column960_a9c000-81 > .kt-inside-inner-col{flex-direction:column;justify-content:center;}}<\/style>\n<div class=\"wp-block-kadence-column kadence-column960_a9c000-81 inner-column-1\"><div class=\"kt-inside-inner-col\"><style>.wp-block-kadence-advancedheading.kt-adv-heading960_2f87db-01, .wp-block-kadence-advancedheading.kt-adv-heading960_2f87db-01[data-kb-block=\"kb-adv-heading960_2f87db-01\"]{text-align:center;font-size:var(--global-kb-font-size-md, 1.25rem);font-style:normal;}.wp-block-kadence-advancedheading.kt-adv-heading960_2f87db-01 mark.kt-highlight, .wp-block-kadence-advancedheading.kt-adv-heading960_2f87db-01[data-kb-block=\"kb-adv-heading960_2f87db-01\"] mark.kt-highlight{font-style:normal;color:#f76a0c;-webkit-box-decoration-break:clone;box-decoration-break:clone;padding-top:0px;padding-right:0px;padding-bottom:0px;padding-left:0px;}.wp-block-kadence-advancedheading.kt-adv-heading960_2f87db-01 img.kb-inline-image, .wp-block-kadence-advancedheading.kt-adv-heading960_2f87db-01[data-kb-block=\"kb-adv-heading960_2f87db-01\"] img.kb-inline-image{width:150px;vertical-align:baseline;}<\/style>\n<h3 class=\"kt-adv-heading960_2f87db-01 wp-block-kadence-advancedheading has-theme-palette-3-color has-text-color\" data-kb-block=\"kb-adv-heading960_2f87db-01\"><strong>\u00bfCu\u00e1ndo me inici\u00e9 como Organizadora Profesional?<\/strong><\/h3>\n<\/div><\/div>\n\n\n<style>.kadence-column960_873bce-bf > .kt-inside-inner-col,.kadence-column960_873bce-bf > .kt-inside-inner-col:before{border-top-left-radius:0px;border-top-right-radius:0px;border-bottom-right-radius:0px;border-bottom-left-radius:0px;}.kadence-column960_873bce-bf > .kt-inside-inner-col{column-gap:var(--global-kb-gap-sm, 1rem);}.kadence-column960_873bce-bf > .kt-inside-inner-col{flex-direction:column;}.kadence-column960_873bce-bf > .kt-inside-inner-col > .aligncenter{width:100%;}.kadence-column960_873bce-bf > .kt-inside-inner-col:before{opacity:0.3;}.kadence-column960_873bce-bf{position:relative;}@media all and (max-width: 1024px){.kadence-column960_873bce-bf > .kt-inside-inner-col{flex-direction:column;justify-content:center;}}@media all and (max-width: 767px){.kadence-column960_873bce-bf > .kt-inside-inner-col{flex-direction:column;justify-content:center;}}<\/style>\n<div class=\"wp-block-kadence-column kadence-column960_873bce-bf\"><div class=\"kt-inside-inner-col\">\n<div class=\"wp-block-columns is-layout-flex wp-container-core-columns-is-layout-9d6595d7 wp-block-columns-is-layout-flex\">\n<div class=\"wp-block-column is-layout-flow wp-block-column-is-layout-flow\" style=\"flex-basis:33.33%\">\n<figure class=\"wp-block-image size-large is-resized\"><img loading=\"lazy\" decoding=\"async\" width=\"683\" height=\"1024\" src=\"http:\/\/magicrevolution.es\/wp-content\/uploads\/2024\/08\/MG_9348-683x1024.jpg\" alt=\"\" class=\"wp-image-2101\" style=\"aspect-ratio:1;object-fit:cover;width:404px;height:auto\" srcset=\"https:\/\/magicrevolution.es\/wp-content\/uploads\/2024\/08\/MG_9348-683x1024.jpg 683w, https:\/\/magicrevolution.es\/wp-content\/uploads\/2024\/08\/MG_9348-200x300.jpg 200w, https:\/\/magicrevolution.es\/wp-content\/uploads\/2024\/08\/MG_9348-768x1152.jpg 768w, https:\/\/magicrevolution.es\/wp-content\/uploads\/2024\/08\/MG_9348-1024x1536.jpg 1024w, https:\/\/magicrevolution.es\/wp-content\/uploads\/2024\/08\/MG_9348-1365x2048.jpg 1365w, https:\/\/magicrevolution.es\/wp-content\/uploads\/2024\/08\/MG_9348-8x12.jpg 8w, https:\/\/magicrevolution.es\/wp-content\/uploads\/2024\/08\/MG_9348-scaled.jpg 1707w\" sizes=\"auto, (max-width: 683px) 100vw, 683px\" \/><\/figure>\n<\/div>\n\n\n\n<div class=\"wp-block-column is-layout-flow wp-block-column-is-layout-flow\" style=\"flex-basis:66.66%\">\n<p class=\"has-small-font-size\">Podr\u00eda deciros que hace unos a\u00f1os fue cuando me inici\u00e9 en el mundo del Orden y ser\u00eda incierto. De forma innata, <strong>desde peque\u00f1a<\/strong>, el orden y la organizaci\u00f3n han sido la base que han guiado mi vida. <\/p>\n\n\n\n<p class=\"has-small-font-size\" style=\"margin-right:0;margin-left:0\">Cuando era ni\u00f1a, me entreten\u00eda ordenando mi cuarto, guardando recuerdos y <strong>optimizando mi espacio.<\/strong> Mis padres me recuerdan moviendo muebles y yo me recuerdo <strong>organizando agendas<\/strong>. <\/p>\n\n\n\n<p class=\"has-small-font-size\">El orden me aporta <strong>tranquilidad, confianza y me permite ahorrar tiempo<\/strong>. Me potencia a lograr mis objetivos personales y profesionales, as\u00ed como darme <strong>calma y bienestar<\/strong> en mi vida. Puedo encontrar todo f\u00e1cilmente porque s\u00e9 donde lo guard\u00e9, s\u00e9 las cosas <strong>importantes<\/strong> que tengo cada semana y eventos importantes que debo recordar este a\u00f1o. <\/p>\n<\/div>\n<\/div>\n<\/div><\/div>\n\n\n<style>.kadence-column960_95900d-94 > .kt-inside-inner-col,.kadence-column960_95900d-94 > .kt-inside-inner-col:before{border-top-left-radius:0px;border-top-right-radius:0px;border-bottom-right-radius:0px;border-bottom-left-radius:0px;}.kadence-column960_95900d-94 > .kt-inside-inner-col{column-gap:var(--global-kb-gap-sm, 1rem);}.kadence-column960_95900d-94 > .kt-inside-inner-col{flex-direction:column;}.kadence-column960_95900d-94 > .kt-inside-inner-col > .aligncenter{width:100%;}.kadence-column960_95900d-94 > .kt-inside-inner-col:before{opacity:0.3;}.kadence-column960_95900d-94{position:relative;}@media all and (max-width: 1024px){.kadence-column960_95900d-94 > .kt-inside-inner-col{flex-direction:column;justify-content:center;}}@media all and (max-width: 767px){.kadence-column960_95900d-94 > .kt-inside-inner-col{flex-direction:column;justify-content:center;}}<\/style>\n<div class=\"wp-block-kadence-column kadence-column960_95900d-94\"><div class=\"kt-inside-inner-col\"><style>.wp-block-kadence-advancedheading.kt-adv-heading960_8e39d8-7b, .wp-block-kadence-advancedheading.kt-adv-heading960_8e39d8-7b[data-kb-block=\"kb-adv-heading960_8e39d8-7b\"]{text-align:center;font-size:var(--global-kb-font-size-md, 1.25rem);font-style:normal;}.wp-block-kadence-advancedheading.kt-adv-heading960_8e39d8-7b mark.kt-highlight, .wp-block-kadence-advancedheading.kt-adv-heading960_8e39d8-7b[data-kb-block=\"kb-adv-heading960_8e39d8-7b\"] mark.kt-highlight{font-style:normal;color:#f76a0c;-webkit-box-decoration-break:clone;box-decoration-break:clone;padding-top:0px;padding-right:0px;padding-bottom:0px;padding-left:0px;}.wp-block-kadence-advancedheading.kt-adv-heading960_8e39d8-7b img.kb-inline-image, .wp-block-kadence-advancedheading.kt-adv-heading960_8e39d8-7b[data-kb-block=\"kb-adv-heading960_8e39d8-7b\"] img.kb-inline-image{width:150px;vertical-align:baseline;}<\/style>\n<h3 class=\"kt-adv-heading960_8e39d8-7b wp-block-kadence-advancedheading has-theme-palette-2-color has-text-color\" data-kb-block=\"kb-adv-heading960_8e39d8-7b\"><strong>\u00bfC\u00f3mo se te ocurri\u00f3 crear Magic Revolution?<\/strong><\/h3>\n\n\n\n<div class=\"wp-block-columns is-layout-flex wp-container-core-columns-is-layout-9d6595d7 wp-block-columns-is-layout-flex\">\n<div class=\"wp-block-column is-layout-flow wp-block-column-is-layout-flow\" style=\"flex-basis:66.66%\">\n<p class=\"has-small-font-size\"><strong>Magic Revolution<\/strong> nace de la necesidad de un cambio en mi vida y de poder ayudar a otros en esa <strong>transformaci\u00f3n<\/strong>. Los d\u00edas pasan r\u00e1pidamente, sin que nos demos cuenta, no paramos de acumular y olvidamos dedicar tiempo a lo realmente importante. Magic Revolution naci\u00f3 como la coctelera perfecta al conjugar las dos iniciales de mis nombres: Mar\u00eda del Roc\u00edo.<\/p>\n\n\n\n<p class=\"has-small-font-size\"><strong>*M* para Magia<\/strong>, por ese car\u00e1cter extraordinario que se logra con el Orden. Por ese sentimiento cuando tu casa y tu vida se sienten como hogar. Por ese brillo que desprende otra persona cuando le has ayudado. Magia es el <strong>sentimiento que pongo en este proyecto<\/strong> y el <strong>compromiso que tengo con cada persona<\/strong> que se atreve a acompa\u00f1arme.<\/p>\n\n\n\n<p class=\"has-small-font-size\"><strong>*R* de Revoluci\u00f3n<\/strong>, porque creo que no hay nada m\u00e1s valiente que saber que necesitas un cambio y hacerlo. No hay nada m\u00e1s valiente que <strong>buscar el Orden despu\u00e9s del caos<\/strong>. Es de valientes coger las riendas de la vida, ordenar, transformarse y evolucionar.<\/p>\n\n\n\n<p class=\"has-small-font-size\">Esta coctelera de Magia y Revoluci\u00f3n busca ayudar a las personas ofreci\u00e9ndoles soluciones para ordenar las estancias de su hogar, gestionar el tiempo para lograr la tranquilidad que necesitan y claridad mental para encontrar el bienestar que desean. <\/p>\n\n\n\n<p class=\"has-small-font-size\"><strong> \u201cPoner en orden tu vida es un acto de Revoluci\u00f3n\u201d <\/strong><br>M\u00aa del Roc\u00edo Toscano, fundadora de <em>Magic Revolution<\/em><\/p>\n<\/div>\n\n\n\n<div class=\"wp-block-column is-layout-flow wp-block-column-is-layout-flow\" style=\"flex-basis:33.33%\">\n<figure class=\"wp-block-image size-large\"><img loading=\"lazy\" decoding=\"async\" width=\"683\" height=\"1024\" src=\"http:\/\/magicrevolution.es\/wp-content\/uploads\/2024\/08\/MG_9377-683x1024.jpg\" alt=\"\" class=\"wp-image-2099\" style=\"aspect-ratio:3\/4;object-fit:cover\" srcset=\"https:\/\/magicrevolution.es\/wp-content\/uploads\/2024\/08\/MG_9377-683x1024.jpg 683w, https:\/\/magicrevolution.es\/wp-content\/uploads\/2024\/08\/MG_9377-200x300.jpg 200w, https:\/\/magicrevolution.es\/wp-content\/uploads\/2024\/08\/MG_9377-768x1152.jpg 768w, https:\/\/magicrevolution.es\/wp-content\/uploads\/2024\/08\/MG_9377-1024x1536.jpg 1024w, https:\/\/magicrevolution.es\/wp-content\/uploads\/2024\/08\/MG_9377-1365x2048.jpg 1365w, https:\/\/magicrevolution.es\/wp-content\/uploads\/2024\/08\/MG_9377-8x12.jpg 8w, https:\/\/magicrevolution.es\/wp-content\/uploads\/2024\/08\/MG_9377-scaled.jpg 1707w\" sizes=\"auto, (max-width: 683px) 100vw, 683px\" \/><\/figure>\n<\/div>\n<\/div>\n<\/div><\/div>\n\n<\/div><\/div>\n\n<style>.kadence-column960_e6f268-7c > .kt-inside-inner-col,.kadence-column960_e6f268-7c > .kt-inside-inner-col:before{border-top-left-radius:0px;border-top-right-radius:0px;border-bottom-right-radius:0px;border-bottom-left-radius:0px;}.kadence-column960_e6f268-7c > .kt-inside-inner-col{column-gap:var(--global-kb-gap-sm, 1rem);}.kadence-column960_e6f268-7c > .kt-inside-inner-col{flex-direction:column;}.kadence-column960_e6f268-7c > .kt-inside-inner-col > .aligncenter{width:100%;}.kadence-column960_e6f268-7c > .kt-inside-inner-col:before{opacity:0.3;}.kadence-column960_e6f268-7c{position:relative;}@media all and (max-width: 1024px){.kadence-column960_e6f268-7c > .kt-inside-inner-col{flex-direction:column;justify-content:center;}}@media all and (max-width: 767px){.kadence-column960_e6f268-7c > .kt-inside-inner-col{flex-direction:column;justify-content:center;}}<\/style>\n<div class=\"wp-block-kadence-column kadence-column960_e6f268-7c\"><div class=\"kt-inside-inner-col\">\n<div class=\"wp-block-columns has-theme-palette-9-background-color has-background is-layout-flex wp-container-core-columns-is-layout-47894824 wp-block-columns-is-layout-flex\" style=\"padding-top:var(--wp--preset--spacing--20);padding-right:var(--wp--preset--spacing--60);padding-bottom:var(--wp--preset--spacing--20);padding-left:var(--wp--preset--spacing--60)\">\n<div class=\"wp-block-column is-layout-flow wp-block-column-is-layout-flow\" style=\"padding-right:var(--wp--preset--spacing--40);padding-left:var(--wp--preset--spacing--40)\">\n<h2 class=\"wp-block-heading has-theme-palette-2-color has-text-color has-link-color has-medium-font-size wp-elements-782b4952e68e860edcc89f3abb4f1b17\">\u00bfQuieres conocer m\u00e1s sobre mis servicios?<\/h2>\n\n\n\n<p class=\"has-small-font-size\">Reserva una valoraci\u00f3n inicial personalizada. Esta sesi\u00f3n nos permitir\u00e1 comprender tu espacio, tus necesidades y c\u00f3mo puedo ayudarte a llevar tu proyecto al siguiente nivel, con soluciones pr\u00e1cticas, est\u00e9ticas y a tu medida.<\/p>\n\n\n\n<p class=\"has-small-font-size\">Me gusta realizar esta visita de forma presencial, ya que me permite conocer mejor el entorno y aportar soluciones m\u00e1s precisas. No obstante, si lo prefieres, tambi\u00e9n puede hacerse de manera online.<\/p>\n\n\n\n<p class=\"has-small-font-size\">&#8211;<br><strong>\u00bfTienes alguna duda antes de reservar?<br>Puedes escribirme directamente por WhatsApp.<\/strong><\/p>\n\n\n\n<div class=\"wp-block-buttons has-custom-font-size has-small-font-size is-layout-flex wp-block-buttons-is-layout-flex\">\n<div class=\"wp-block-button has-custom-width wp-block-button__width-50\"><a class=\"wp-block-button__link has-small-font-size has-custom-font-size wp-element-button\" href=\"https:\/\/wa.me\/34610414836\">contactar<\/a><\/div>\n<\/div>\n<\/div>\n\n\n\n<div class=\"wp-block-column is-layout-flow wp-block-column-is-layout-flow\">\n<!-- Calendly inline widget begin -->\r\n<div class=\"calendly-inline-widget\" data-url=\"https:\/\/calendly.com\/organisermagicrevolution\/30min?hide_event_type_details=1&#038;hide_gdpr_banner=1&#038;primary_color=61351c\" style=\"min-width:320px;height:700px;\"><\/div>\r\n<script type=\"text\/javascript\" src=\"https:\/\/assets.calendly.com\/assets\/external\/widget.js\" async><\/script>\r\n<!-- Calendly inline widget end -->\n<\/div>\n<\/div>\n<\/div><\/div>\n<\/div>\n<\/div>\n","protected":false},"excerpt":{"rendered":"<p>Conoce m\u00e1s sobre mi El cambio depende de nosotros mismos. Son las decisiones que tomamos en el d\u00eda a d\u00eda las que ponen en marcha el cambio y nos acerca&#8230;<\/p>","protected":false},"author":1,"featured_media":0,"parent":0,"menu_order":0,"comment_status":"closed","ping_status":"closed","template":"","meta":{"om_disable_all_campaigns":false,"_monsterinsights_skip_tracking":false,"_monsterinsights_sitenote_active":false,"_monsterinsights_sitenote_note":"","_monsterinsights_sitenote_category":0,"_EventAllDay":false,"_EventTimezone":"","_EventStartDate":"","_EventEndDate":"","_EventStartDateUTC":"","_EventEndDateUTC":"","_EventShowMap":false,"_EventShowMapLink":false,"_EventURL":"","_EventCost":"","_EventCostDescription":"","_EventCurrencySymbol":"","_EventCurrencyCode":"","_EventCurrencyPosition":"","_EventDateTimeSeparator":"","_EventTimeRangeSeparator":"","_EventOrganizerID":[],"_EventVenueID":[],"_OrganizerEmail":"","_OrganizerPhone":"","_OrganizerWebsite":"","_VenueAddress":"","_VenueCity":"","_VenueCountry":"","_VenueProvince":"","_VenueState":"","_VenueZip":"","_VenuePhone":"","_VenueURL":"","_VenueStateProvince":"","_VenueLat":"","_VenueLng":"","_VenueShowMap":false,"_VenueShowMapLink":false,"_kadence_starter_templates_imported_post":true,"_kad_post_transparent":"","_kad_post_title":"","_kad_post_layout":"","_kad_post_sidebar_id":"","_kad_post_content_style":"","_kad_post_vertical_padding":"","_kad_post_feature":"","_kad_post_feature_position":"","_kad_post_header":false,"_kad_post_footer":false,"_kad_post_classname":"","footnotes":""},"class_list":["post-960","page","type-page","status-publish","hentry"],"aioseo_notices":[],"_links":{"self":[{"href":"https:\/\/magicrevolution.es\/en\/wp-json\/wp\/v2\/pages\/960","targetHints":{"allow":["GET"]}}],"collection":[{"href":"https:\/\/magicrevolution.es\/en\/wp-json\/wp\/v2\/pages"}],"about":[{"href":"https:\/\/magicrevolution.es\/en\/wp-json\/wp\/v2\/types\/page"}],"author":[{"embeddable":true,"href":"https:\/\/magicrevolution.es\/en\/wp-json\/wp\/v2\/users\/1"}],"replies":[{"embeddable":true,"href":"https:\/\/magicrevolution.es\/en\/wp-json\/wp\/v2\/comments?post=960"}],"version-history":[{"count":83,"href":"https:\/\/magicrevolution.es\/en\/wp-json\/wp\/v2\/pages\/960\/revisions"}],"predecessor-version":[{"id":3164,"href":"https:\/\/magicrevolution.es\/en\/wp-json\/wp\/v2\/pages\/960\/revisions\/3164"}],"wp:attachment":[{"href":"https:\/\/magicrevolution.es\/en\/wp-json\/wp\/v2\/media?parent=960"}],"curies":[{"name":"wp","href":"https:\/\/api.w.org\/{rel}","templated":true}]}}